{"id":707893,"date":"2024-10-15T16:42:23","date_gmt":"2024-10-15T14:42:23","guid":{"rendered":"https:\/\/streetmarkets.fr\/app\/produit\/robe-soraya-canelle-vanessa-bruno-50\/"},"modified":"2025-09-17T02:04:32","modified_gmt":"2025-09-17T00:04:32","slug":"robe-soraya-canelle-vanessa-bruno-50","status":"publish","type":"product","link":"https:\/\/streetmarkets.fr\/app\/produit\/robe-soraya-canelle-vanessa-bruno-50\/","title":{"rendered":"VANESSA BRUNO Robe Soraya Canelle -50%"},"content":{"rendered":"<p class=\"\">Robe en coton, l\u00e9g\u00e8rement resserr\u00e9e \u00e0 la taille, manches courtes \u00e0 volants, ouverture sur le devant par un d\u00e9collet\u00e9 en V. L\u00e9g\u00e8re et fluide.<\/p>\n<p class=\"\">D\u00e9tail : 100% coton.<\/p>\n","protected":false},"excerpt":{"rendered":"<p>Robe en coton, l\u00e9g\u00e8rement resserr\u00e9e \u00e0 la taille, manches courtes \u00e0 volants, ouverture sur le devant par un d\u00e9collet\u00e9 en V. L\u00e9g\u00e8re et fluide. D\u00e9tail : 100% coton.<\/p>\n","protected":false},"featured_media":707894,"comment_status":"open","ping_status":"closed","template":"","meta":[],"product_brand":[],"product_cat":[1756,1762],"product_tag":[2244],"acf":[],"_links":{"self":[{"href":"https:\/\/streetmarkets.fr\/app\/wp-json\/wp\/v2\/product\/707893"}],"collection":[{"href":"https:\/\/streetmarkets.fr\/app\/wp-json\/wp\/v2\/product"}],"about":[{"href":"https:\/\/streetmarkets.fr\/app\/wp-json\/wp\/v2\/types\/product"}],"replies":[{"embeddable":true,"href":"https:\/\/streetmarkets.fr\/app\/wp-json\/wp\/v2\/comments?post=707893"}],"wp:featuredmedia":[{"embeddable":true,"href":"https:\/\/streetmarkets.fr\/app\/wp-json\/wp\/v2\/media\/707894"}],"wp:attachment":[{"href":"https:\/\/streetmarkets.fr\/app\/wp-json\/wp\/v2\/media?parent=707893"}],"wp:term":[{"taxonomy":"product_brand","embeddable":true,"href":"https:\/\/streetmarkets.fr\/app\/wp-json\/wp\/v2\/product_brand?post=707893"},{"taxonomy":"product_cat","embeddable":true,"href":"https:\/\/streetmarkets.fr\/app\/wp-json\/wp\/v2\/product_cat?post=707893"},{"taxonomy":"product_tag","embeddable":true,"href":"https:\/\/streetmarkets.fr\/app\/wp-json\/wp\/v2\/product_tag?post=707893"}],"curies":[{"name":"wp","href":"https:\/\/api.w.org\/{rel}","templated":true}]}}