{"id":707886,"date":"2024-10-15T16:42:22","date_gmt":"2024-10-15T14:42:22","guid":{"rendered":"https:\/\/streetmarkets.fr\/app\/produit\/jean-timael-blanc-vanessa-bruno-50\/"},"modified":"2026-01-21T01:02:30","modified_gmt":"2026-01-21T00:02:30","slug":"jean-timael-blanc-vanessa-bruno-50","status":"publish","type":"product","link":"https:\/\/streetmarkets.fr\/app\/produit\/jean-timael-blanc-vanessa-bruno-50\/","title":{"rendered":"VANESSA BRUNO Jean Timael Blanc -50%"},"content":{"rendered":"<p class=\"\">Jean blanc coupe boyish, jambe droite, 7\/8 \u00e8me. Confortable et styl\u00e9. Deux poches devant classiques et deux poches plaqu\u00e9es dans le dos. <\/p>\n<p class=\"\">D\u00e9tail : 99% coton, 1% \u00e9lasthanne.<\/p>\n","protected":false},"excerpt":{"rendered":"<p>Jean blanc coupe boyish, jambe droite, 7\/8 \u00e8me. Confortable et styl\u00e9. Deux poches devant classiques et deux poches plaqu\u00e9es dans le dos. D\u00e9tail : 99% coton, 1% \u00e9lasthanne.<\/p>\n","protected":false},"featured_media":707887,"comment_status":"open","ping_status":"closed","template":"","meta":[],"product_brand":[],"product_cat":[1756,1762],"product_tag":[2244],"acf":[],"_links":{"self":[{"href":"https:\/\/streetmarkets.fr\/app\/wp-json\/wp\/v2\/product\/707886"}],"collection":[{"href":"https:\/\/streetmarkets.fr\/app\/wp-json\/wp\/v2\/product"}],"about":[{"href":"https:\/\/streetmarkets.fr\/app\/wp-json\/wp\/v2\/types\/product"}],"replies":[{"embeddable":true,"href":"https:\/\/streetmarkets.fr\/app\/wp-json\/wp\/v2\/comments?post=707886"}],"wp:featuredmedia":[{"embeddable":true,"href":"https:\/\/streetmarkets.fr\/app\/wp-json\/wp\/v2\/media\/707887"}],"wp:attachment":[{"href":"https:\/\/streetmarkets.fr\/app\/wp-json\/wp\/v2\/media?parent=707886"}],"wp:term":[{"taxonomy":"product_brand","embeddable":true,"href":"https:\/\/streetmarkets.fr\/app\/wp-json\/wp\/v2\/product_brand?post=707886"},{"taxonomy":"product_cat","embeddable":true,"href":"https:\/\/streetmarkets.fr\/app\/wp-json\/wp\/v2\/product_cat?post=707886"},{"taxonomy":"product_tag","embeddable":true,"href":"https:\/\/streetmarkets.fr\/app\/wp-json\/wp\/v2\/product_tag?post=707886"}],"curies":[{"name":"wp","href":"https:\/\/api.w.org\/{rel}","templated":true}]}}