{"id":707871,"date":"2024-10-15T16:42:21","date_gmt":"2024-10-15T14:42:21","guid":{"rendered":"https:\/\/streetmarkets.fr\/app\/produit\/pull-en-lin-dove-gray-pomandere-40\/"},"modified":"2024-11-04T01:02:36","modified_gmt":"2024-11-04T00:02:36","slug":"pull-en-lin-dove-gray-pomandere-40","status":"publish","type":"product","link":"https:\/\/streetmarkets.fr\/app\/produit\/pull-en-lin-dove-gray-pomandere-40\/","title":{"rendered":"Pull En Lin Dove Gray Pomand\u00e8re. -40%"},"content":{"rendered":"<p class=\"\">Pull en lin, coupe ample, manches longues et poignets resserr\u00e9s, emmanchure large. Encolure arrondie. \u00c9galement disponible dans la couleur Sky Blue.<\/p>\n<p class=\"\">D\u00e9tail : 55% lin, 45% polyester <\/p>\n","protected":false},"excerpt":{"rendered":"<p>Pull en lin, coupe ample, manches longues et poignets resserr\u00e9s, emmanchure large. Encolure arrondie. \u00c9galement disponible dans la couleur Sky Blue. D\u00e9tail : 55% lin, 45% polyester<\/p>\n","protected":false},"featured_media":707872,"comment_status":"open","ping_status":"closed","template":"","meta":[],"product_brand":[],"product_cat":[1756,1762],"product_tag":[2244],"acf":[],"_links":{"self":[{"href":"https:\/\/streetmarkets.fr\/app\/wp-json\/wp\/v2\/product\/707871"}],"collection":[{"href":"https:\/\/streetmarkets.fr\/app\/wp-json\/wp\/v2\/product"}],"about":[{"href":"https:\/\/streetmarkets.fr\/app\/wp-json\/wp\/v2\/types\/product"}],"replies":[{"embeddable":true,"href":"https:\/\/streetmarkets.fr\/app\/wp-json\/wp\/v2\/comments?post=707871"}],"wp:featuredmedia":[{"embeddable":true,"href":"https:\/\/streetmarkets.fr\/app\/wp-json\/wp\/v2\/media\/707872"}],"wp:attachment":[{"href":"https:\/\/streetmarkets.fr\/app\/wp-json\/wp\/v2\/media?parent=707871"}],"wp:term":[{"taxonomy":"product_brand","embeddable":true,"href":"https:\/\/streetmarkets.fr\/app\/wp-json\/wp\/v2\/product_brand?post=707871"},{"taxonomy":"product_cat","embeddable":true,"href":"https:\/\/streetmarkets.fr\/app\/wp-json\/wp\/v2\/product_cat?post=707871"},{"taxonomy":"product_tag","embeddable":true,"href":"https:\/\/streetmarkets.fr\/app\/wp-json\/wp\/v2\/product_tag?post=707871"}],"curies":[{"name":"wp","href":"https:\/\/api.w.org\/{rel}","templated":true}]}}