{"id":707855,"date":"2024-10-15T16:42:20","date_gmt":"2024-10-15T14:42:20","guid":{"rendered":"https:\/\/streetmarkets.fr\/app\/produit\/blouse-en-coton-gaufre-sun-pomandere-60\/"},"modified":"2026-01-21T01:02:30","modified_gmt":"2026-01-21T00:02:30","slug":"blouse-en-coton-gaufre-sun-pomandere-60","status":"publish","type":"product","link":"https:\/\/streetmarkets.fr\/app\/produit\/blouse-en-coton-gaufre-sun-pomandere-60\/","title":{"rendered":"POMAND\u00c8RE Blouse en Coton gaufr\u00e9 Sun -60%"},"content":{"rendered":"<p class=\"\">Blouse en coton gaufr\u00e9, coupe ample, manches longues et poignets resserr\u00e9s. ouverture sur le devant avec fermeture par petits boutons. Douce et fluide. \u00c9galement disponible dans la couleur Amber. Le mannequin porte une taille Small ( soit 40 italien, soit 36 fran\u00e7ais ) . <\/p>\n<p class=\"\">D\u00e9tail : 100% coton<\/p>\n","protected":false},"excerpt":{"rendered":"<p>Blouse en coton gaufr\u00e9, coupe ample, manches longues et poignets resserr\u00e9s. ouverture sur le devant avec fermeture par petits boutons. Douce et fluide. \u00c9galement disponible dans la couleur Amber. Le mannequin porte une taille Small ( soit 40 italien, soit 36 fran\u00e7ais ) . D\u00e9tail : 100% coton<\/p>\n","protected":false},"featured_media":707856,"comment_status":"open","ping_status":"closed","template":"","meta":[],"product_brand":[],"product_cat":[1756,1762],"product_tag":[2244],"acf":[],"_links":{"self":[{"href":"https:\/\/streetmarkets.fr\/app\/wp-json\/wp\/v2\/product\/707855"}],"collection":[{"href":"https:\/\/streetmarkets.fr\/app\/wp-json\/wp\/v2\/product"}],"about":[{"href":"https:\/\/streetmarkets.fr\/app\/wp-json\/wp\/v2\/types\/product"}],"replies":[{"embeddable":true,"href":"https:\/\/streetmarkets.fr\/app\/wp-json\/wp\/v2\/comments?post=707855"}],"wp:featuredmedia":[{"embeddable":true,"href":"https:\/\/streetmarkets.fr\/app\/wp-json\/wp\/v2\/media\/707856"}],"wp:attachment":[{"href":"https:\/\/streetmarkets.fr\/app\/wp-json\/wp\/v2\/media?parent=707855"}],"wp:term":[{"taxonomy":"product_brand","embeddable":true,"href":"https:\/\/streetmarkets.fr\/app\/wp-json\/wp\/v2\/product_brand?post=707855"},{"taxonomy":"product_cat","embeddable":true,"href":"https:\/\/streetmarkets.fr\/app\/wp-json\/wp\/v2\/product_cat?post=707855"},{"taxonomy":"product_tag","embeddable":true,"href":"https:\/\/streetmarkets.fr\/app\/wp-json\/wp\/v2\/product_tag?post=707855"}],"curies":[{"name":"wp","href":"https:\/\/api.w.org\/{rel}","templated":true}]}}