{"id":707847,"date":"2024-10-15T16:42:19","date_gmt":"2024-10-15T14:42:19","guid":{"rendered":"https:\/\/streetmarkets.fr\/app\/produit\/blouse-en-coton-soie-lilac-pomandere-40\/"},"modified":"2025-02-26T01:01:19","modified_gmt":"2025-02-26T00:01:19","slug":"blouse-en-coton-soie-lilac-pomandere-40","status":"publish","type":"product","link":"https:\/\/streetmarkets.fr\/app\/produit\/blouse-en-coton-soie-lilac-pomandere-40\/","title":{"rendered":"POMAND\u00c8RE Blouse En Coton Soie Lilac -40%"},"content":{"rendered":"<p class=\"\">Blouse en coton et soie, coupe droite, manches courtes, ouverture sur le devant, d\u00e9tail de pliss\u00e9 sur la ligne d\u2019\u00e9paule. Douce et l\u00e9g\u00e8re. \u00c9galement disponible dans la couleur Terracotta.<\/p>\n<p class=\"\">D\u00e9tail : 70% coton, 30% soie <\/p>\n","protected":false},"excerpt":{"rendered":"<p>Blouse en coton et soie, coupe droite, manches courtes, ouverture sur le devant, d\u00e9tail de pliss\u00e9 sur la ligne d\u2019\u00e9paule. Douce et l\u00e9g\u00e8re. \u00c9galement disponible dans la couleur Terracotta. D\u00e9tail : 70% coton, 30% soie<\/p>\n","protected":false},"featured_media":707848,"comment_status":"open","ping_status":"closed","template":"","meta":[],"product_brand":[],"product_cat":[1756,1762],"product_tag":[2244],"acf":[],"_links":{"self":[{"href":"https:\/\/streetmarkets.fr\/app\/wp-json\/wp\/v2\/product\/707847"}],"collection":[{"href":"https:\/\/streetmarkets.fr\/app\/wp-json\/wp\/v2\/product"}],"about":[{"href":"https:\/\/streetmarkets.fr\/app\/wp-json\/wp\/v2\/types\/product"}],"replies":[{"embeddable":true,"href":"https:\/\/streetmarkets.fr\/app\/wp-json\/wp\/v2\/comments?post=707847"}],"wp:featuredmedia":[{"embeddable":true,"href":"https:\/\/streetmarkets.fr\/app\/wp-json\/wp\/v2\/media\/707848"}],"wp:attachment":[{"href":"https:\/\/streetmarkets.fr\/app\/wp-json\/wp\/v2\/media?parent=707847"}],"wp:term":[{"taxonomy":"product_brand","embeddable":true,"href":"https:\/\/streetmarkets.fr\/app\/wp-json\/wp\/v2\/product_brand?post=707847"},{"taxonomy":"product_cat","embeddable":true,"href":"https:\/\/streetmarkets.fr\/app\/wp-json\/wp\/v2\/product_cat?post=707847"},{"taxonomy":"product_tag","embeddable":true,"href":"https:\/\/streetmarkets.fr\/app\/wp-json\/wp\/v2\/product_tag?post=707847"}],"curies":[{"name":"wp","href":"https:\/\/api.w.org\/{rel}","templated":true}]}}