{"id":707818,"date":"2024-10-15T16:42:17","date_gmt":"2024-10-15T14:42:17","guid":{"rendered":"https:\/\/streetmarkets.fr\/app\/produit\/pantalon-dante-cannuccia-the-new-society-prix-braderie\/"},"modified":"2026-01-21T01:02:29","modified_gmt":"2026-01-21T00:02:29","slug":"pantalon-dante-cannuccia-the-new-society-prix-braderie","status":"publish","type":"product","link":"https:\/\/streetmarkets.fr\/app\/produit\/pantalon-dante-cannuccia-the-new-society-prix-braderie\/","title":{"rendered":"THE NEW SOCIETY Pantalon Dante Cannuccia Prix Braderie"},"content":{"rendered":"<p class=\"\">Pantalon en coton coupe ample et cool fit. Deux poches lat\u00e9rales et deux poches plaqu\u00e9es dans le dos. Ouverture classique. <\/p>\n<p class=\"\">D\u00e9tail : 100% coton<\/p>\n","protected":false},"excerpt":{"rendered":"<p>Pantalon en coton coupe ample et cool fit. Deux poches lat\u00e9rales et deux poches plaqu\u00e9es dans le dos. Ouverture classique. D\u00e9tail : 100% coton<\/p>\n","protected":false},"featured_media":707819,"comment_status":"open","ping_status":"closed","template":"","meta":[],"product_brand":[],"product_cat":[1756,1762],"product_tag":[2244],"acf":[],"_links":{"self":[{"href":"https:\/\/streetmarkets.fr\/app\/wp-json\/wp\/v2\/product\/707818"}],"collection":[{"href":"https:\/\/streetmarkets.fr\/app\/wp-json\/wp\/v2\/product"}],"about":[{"href":"https:\/\/streetmarkets.fr\/app\/wp-json\/wp\/v2\/types\/product"}],"replies":[{"embeddable":true,"href":"https:\/\/streetmarkets.fr\/app\/wp-json\/wp\/v2\/comments?post=707818"}],"wp:featuredmedia":[{"embeddable":true,"href":"https:\/\/streetmarkets.fr\/app\/wp-json\/wp\/v2\/media\/707819"}],"wp:attachment":[{"href":"https:\/\/streetmarkets.fr\/app\/wp-json\/wp\/v2\/media?parent=707818"}],"wp:term":[{"taxonomy":"product_brand","embeddable":true,"href":"https:\/\/streetmarkets.fr\/app\/wp-json\/wp\/v2\/product_brand?post=707818"},{"taxonomy":"product_cat","embeddable":true,"href":"https:\/\/streetmarkets.fr\/app\/wp-json\/wp\/v2\/product_cat?post=707818"},{"taxonomy":"product_tag","embeddable":true,"href":"https:\/\/streetmarkets.fr\/app\/wp-json\/wp\/v2\/product_tag?post=707818"}],"curies":[{"name":"wp","href":"https:\/\/api.w.org\/{rel}","templated":true}]}}