{"id":707805,"date":"2024-10-15T16:42:16","date_gmt":"2024-10-15T14:42:16","guid":{"rendered":"https:\/\/streetmarkets.fr\/app\/produit\/top-gianni-flower-print-the-new-society-50\/"},"modified":"2026-01-21T01:02:29","modified_gmt":"2026-01-21T00:02:29","slug":"top-gianni-flower-print-the-new-society-50","status":"publish","type":"product","link":"https:\/\/streetmarkets.fr\/app\/produit\/top-gianni-flower-print-the-new-society-50\/","title":{"rendered":"THE NEW SOCIETY Top Gianni Flower Print -50%"},"content":{"rendered":"<p class=\"\">Cropped top en coton et lin, coupe ajust\u00e9e, motif floral, \u00e0 enfiler.<\/p>\n<p class=\"\">D\u00e9tail : 59% coton, 47% lin<\/p>\n","protected":false},"excerpt":{"rendered":"<p>Cropped top en coton et lin, coupe ajust\u00e9e, motif floral, \u00e0 enfiler. D\u00e9tail : 59% coton, 47% lin<\/p>\n","protected":false},"featured_media":707806,"comment_status":"open","ping_status":"closed","template":"","meta":[],"product_brand":[],"product_cat":[1756,1762],"product_tag":[2244],"acf":[],"_links":{"self":[{"href":"https:\/\/streetmarkets.fr\/app\/wp-json\/wp\/v2\/product\/707805"}],"collection":[{"href":"https:\/\/streetmarkets.fr\/app\/wp-json\/wp\/v2\/product"}],"about":[{"href":"https:\/\/streetmarkets.fr\/app\/wp-json\/wp\/v2\/types\/product"}],"replies":[{"embeddable":true,"href":"https:\/\/streetmarkets.fr\/app\/wp-json\/wp\/v2\/comments?post=707805"}],"wp:featuredmedia":[{"embeddable":true,"href":"https:\/\/streetmarkets.fr\/app\/wp-json\/wp\/v2\/media\/707806"}],"wp:attachment":[{"href":"https:\/\/streetmarkets.fr\/app\/wp-json\/wp\/v2\/media?parent=707805"}],"wp:term":[{"taxonomy":"product_brand","embeddable":true,"href":"https:\/\/streetmarkets.fr\/app\/wp-json\/wp\/v2\/product_brand?post=707805"},{"taxonomy":"product_cat","embeddable":true,"href":"https:\/\/streetmarkets.fr\/app\/wp-json\/wp\/v2\/product_cat?post=707805"},{"taxonomy":"product_tag","embeddable":true,"href":"https:\/\/streetmarkets.fr\/app\/wp-json\/wp\/v2\/product_tag?post=707805"}],"curies":[{"name":"wp","href":"https:\/\/api.w.org\/{rel}","templated":true}]}}