{"id":707795,"date":"2024-10-15T16:42:16","date_gmt":"2024-10-15T14:42:16","guid":{"rendered":"https:\/\/streetmarkets.fr\/app\/produit\/pantalon-gianni-flower-print-the-new-society-60\/"},"modified":"2026-01-21T01:02:29","modified_gmt":"2026-01-21T00:02:29","slug":"pantalon-gianni-flower-print-the-new-society-60","status":"publish","type":"product","link":"https:\/\/streetmarkets.fr\/app\/produit\/pantalon-gianni-flower-print-the-new-society-60\/","title":{"rendered":"THE NEW SOCIETY Pantalon Gianni Flower Print &#8211; 60%"},"content":{"rendered":"<p class=\"\">Pantalon en coton et lin, motif floral, coupe droite, l\u00e9g\u00e8rement \u00e9vas\u00e9 dans le bas. Fermeture par un zip sur le c\u00f4t\u00e9.<\/p>\n<p class=\"\">D\u00e9tail : 53% coton, 47% lin<\/p>\n","protected":false},"excerpt":{"rendered":"<p>Pantalon en coton et lin, motif floral, coupe droite, l\u00e9g\u00e8rement \u00e9vas\u00e9 dans le bas. Fermeture par un zip sur le c\u00f4t\u00e9. D\u00e9tail : 53% coton, 47% lin<\/p>\n","protected":false},"featured_media":707796,"comment_status":"open","ping_status":"closed","template":"","meta":[],"product_brand":[],"product_cat":[1756,1762],"product_tag":[2244],"acf":[],"_links":{"self":[{"href":"https:\/\/streetmarkets.fr\/app\/wp-json\/wp\/v2\/product\/707795"}],"collection":[{"href":"https:\/\/streetmarkets.fr\/app\/wp-json\/wp\/v2\/product"}],"about":[{"href":"https:\/\/streetmarkets.fr\/app\/wp-json\/wp\/v2\/types\/product"}],"replies":[{"embeddable":true,"href":"https:\/\/streetmarkets.fr\/app\/wp-json\/wp\/v2\/comments?post=707795"}],"wp:featuredmedia":[{"embeddable":true,"href":"https:\/\/streetmarkets.fr\/app\/wp-json\/wp\/v2\/media\/707796"}],"wp:attachment":[{"href":"https:\/\/streetmarkets.fr\/app\/wp-json\/wp\/v2\/media?parent=707795"}],"wp:term":[{"taxonomy":"product_brand","embeddable":true,"href":"https:\/\/streetmarkets.fr\/app\/wp-json\/wp\/v2\/product_brand?post=707795"},{"taxonomy":"product_cat","embeddable":true,"href":"https:\/\/streetmarkets.fr\/app\/wp-json\/wp\/v2\/product_cat?post=707795"},{"taxonomy":"product_tag","embeddable":true,"href":"https:\/\/streetmarkets.fr\/app\/wp-json\/wp\/v2\/product_tag?post=707795"}],"curies":[{"name":"wp","href":"https:\/\/api.w.org\/{rel}","templated":true}]}}