{"id":707779,"date":"2024-10-15T16:42:15","date_gmt":"2024-10-15T14:42:15","guid":{"rendered":"https:\/\/streetmarkets.fr\/app\/produit\/veste-piero-cannuccia-the-new-society-60\/"},"modified":"2026-05-11T02:01:24","modified_gmt":"2026-05-11T00:01:24","slug":"veste-piero-cannuccia-the-new-society-60","status":"publish","type":"product","link":"https:\/\/streetmarkets.fr\/app\/produit\/veste-piero-cannuccia-the-new-society-60\/","title":{"rendered":"THE NEW SOCIETY Veste Piero Cannuccia -60%"},"content":{"rendered":"<p class=\"\">Veste en coton, coupe ample. Emmanchure large, manches longues et poignets resserr\u00e9s. Deux poches plaqu\u00e9es devant avec rabat. Fermeture par boutons. <\/p>\n<p class=\"\">D\u00e9tail : 100% coton bio. <\/p>\n","protected":false},"excerpt":{"rendered":"<p>Veste en coton, coupe ample. Emmanchure large, manches longues et poignets resserr\u00e9s. Deux poches plaqu\u00e9es devant avec rabat. Fermeture par boutons. D\u00e9tail : 100% coton bio.<\/p>\n","protected":false},"featured_media":707780,"comment_status":"open","ping_status":"closed","template":"","meta":[],"product_brand":[],"product_cat":[1756,1762],"product_tag":[2244],"acf":[],"_links":{"self":[{"href":"https:\/\/streetmarkets.fr\/app\/wp-json\/wp\/v2\/product\/707779"}],"collection":[{"href":"https:\/\/streetmarkets.fr\/app\/wp-json\/wp\/v2\/product"}],"about":[{"href":"https:\/\/streetmarkets.fr\/app\/wp-json\/wp\/v2\/types\/product"}],"replies":[{"embeddable":true,"href":"https:\/\/streetmarkets.fr\/app\/wp-json\/wp\/v2\/comments?post=707779"}],"wp:featuredmedia":[{"embeddable":true,"href":"https:\/\/streetmarkets.fr\/app\/wp-json\/wp\/v2\/media\/707780"}],"wp:attachment":[{"href":"https:\/\/streetmarkets.fr\/app\/wp-json\/wp\/v2\/media?parent=707779"}],"wp:term":[{"taxonomy":"product_brand","embeddable":true,"href":"https:\/\/streetmarkets.fr\/app\/wp-json\/wp\/v2\/product_brand?post=707779"},{"taxonomy":"product_cat","embeddable":true,"href":"https:\/\/streetmarkets.fr\/app\/wp-json\/wp\/v2\/product_cat?post=707779"},{"taxonomy":"product_tag","embeddable":true,"href":"https:\/\/streetmarkets.fr\/app\/wp-json\/wp\/v2\/product_tag?post=707779"}],"curies":[{"name":"wp","href":"https:\/\/api.w.org\/{rel}","templated":true}]}}