{"id":707772,"date":"2024-10-15T16:42:14","date_gmt":"2024-10-15T14:42:14","guid":{"rendered":"https:\/\/streetmarkets.fr\/app\/produit\/blouse-florie-pinot-xiirena-50\/"},"modified":"2026-05-11T02:01:24","modified_gmt":"2026-05-11T00:01:24","slug":"blouse-florie-pinot-xiirena-50","status":"publish","type":"product","link":"https:\/\/streetmarkets.fr\/app\/produit\/blouse-florie-pinot-xiirena-50\/","title":{"rendered":"XIRENA Blouse Florie Pinot -50%"},"content":{"rendered":"<p class=\"\">Blouse fluide et douce, coupe ample, manches longues et poignets resserr\u00e9s. Emmanchure large, boutonn\u00e9e sur toute la hauteur, \u00e9paules, devant et dos pliss\u00e9s, <\/p>\n<p class=\"\">D\u00e9tail : 50% coton, 50% rayon  <\/p>\n","protected":false},"excerpt":{"rendered":"<p>Blouse fluide et douce, coupe ample, manches longues et poignets resserr\u00e9s. Emmanchure large, boutonn\u00e9e sur toute la hauteur, \u00e9paules, devant et dos pliss\u00e9s, D\u00e9tail : 50% coton, 50% rayon<\/p>\n","protected":false},"featured_media":707773,"comment_status":"open","ping_status":"closed","template":"","meta":[],"product_brand":[],"product_cat":[1756,1762],"product_tag":[2244],"acf":[],"_links":{"self":[{"href":"https:\/\/streetmarkets.fr\/app\/wp-json\/wp\/v2\/product\/707772"}],"collection":[{"href":"https:\/\/streetmarkets.fr\/app\/wp-json\/wp\/v2\/product"}],"about":[{"href":"https:\/\/streetmarkets.fr\/app\/wp-json\/wp\/v2\/types\/product"}],"replies":[{"embeddable":true,"href":"https:\/\/streetmarkets.fr\/app\/wp-json\/wp\/v2\/comments?post=707772"}],"wp:featuredmedia":[{"embeddable":true,"href":"https:\/\/streetmarkets.fr\/app\/wp-json\/wp\/v2\/media\/707773"}],"wp:attachment":[{"href":"https:\/\/streetmarkets.fr\/app\/wp-json\/wp\/v2\/media?parent=707772"}],"wp:term":[{"taxonomy":"product_brand","embeddable":true,"href":"https:\/\/streetmarkets.fr\/app\/wp-json\/wp\/v2\/product_brand?post=707772"},{"taxonomy":"product_cat","embeddable":true,"href":"https:\/\/streetmarkets.fr\/app\/wp-json\/wp\/v2\/product_cat?post=707772"},{"taxonomy":"product_tag","embeddable":true,"href":"https:\/\/streetmarkets.fr\/app\/wp-json\/wp\/v2\/product_tag?post=707772"}],"curies":[{"name":"wp","href":"https:\/\/api.w.org\/{rel}","templated":true}]}}