{"id":707755,"date":"2024-10-15T16:42:13","date_gmt":"2024-10-15T14:42:13","guid":{"rendered":"https:\/\/streetmarkets.fr\/app\/produit\/nouveau-pantalon-devi-pale-iris-xirena-50\/"},"modified":"2024-11-06T01:00:59","modified_gmt":"2024-11-06T00:00:59","slug":"nouveau-pantalon-devi-pale-iris-xirena-50","status":"publish","type":"product","link":"https:\/\/streetmarkets.fr\/app\/produit\/nouveau-pantalon-devi-pale-iris-xirena-50\/","title":{"rendered":"Nouveau ! XIRENA Pantalon Devi Pale Iris -60%"},"content":{"rendered":"<p class=\"\"><span>Pantalon coupe jogging, resserr\u00e9 par un lien \u00e0 la taille, doux et confortable. \u00c9galement disponible dans la couleur Ecru Sandlot.<\/span><\/p>\n<p class=\"\"><span>D\u00e9tail : 50% coton, 50% polyester<\/span><\/p>\n","protected":false},"excerpt":{"rendered":"<p>Pantalon coupe jogging, resserr\u00e9 par un lien \u00e0 la taille, doux et confortable. \u00c9galement disponible dans la couleur Ecru Sandlot. D\u00e9tail : 50% coton, 50% polyester<\/p>\n","protected":false},"featured_media":707756,"comment_status":"open","ping_status":"closed","template":"","meta":[],"product_brand":[],"product_cat":[1756,1762],"product_tag":[2244],"acf":[],"_links":{"self":[{"href":"https:\/\/streetmarkets.fr\/app\/wp-json\/wp\/v2\/product\/707755"}],"collection":[{"href":"https:\/\/streetmarkets.fr\/app\/wp-json\/wp\/v2\/product"}],"about":[{"href":"https:\/\/streetmarkets.fr\/app\/wp-json\/wp\/v2\/types\/product"}],"replies":[{"embeddable":true,"href":"https:\/\/streetmarkets.fr\/app\/wp-json\/wp\/v2\/comments?post=707755"}],"wp:featuredmedia":[{"embeddable":true,"href":"https:\/\/streetmarkets.fr\/app\/wp-json\/wp\/v2\/media\/707756"}],"wp:attachment":[{"href":"https:\/\/streetmarkets.fr\/app\/wp-json\/wp\/v2\/media?parent=707755"}],"wp:term":[{"taxonomy":"product_brand","embeddable":true,"href":"https:\/\/streetmarkets.fr\/app\/wp-json\/wp\/v2\/product_brand?post=707755"},{"taxonomy":"product_cat","embeddable":true,"href":"https:\/\/streetmarkets.fr\/app\/wp-json\/wp\/v2\/product_cat?post=707755"},{"taxonomy":"product_tag","embeddable":true,"href":"https:\/\/streetmarkets.fr\/app\/wp-json\/wp\/v2\/product_tag?post=707755"}],"curies":[{"name":"wp","href":"https:\/\/api.w.org\/{rel}","templated":true}]}}