{"id":707741,"date":"2024-10-15T16:42:11","date_gmt":"2024-10-15T14:42:11","guid":{"rendered":"https:\/\/streetmarkets.fr\/app\/produit\/robe-anastasia-black-xirena-50\/"},"modified":"2025-02-26T01:01:17","modified_gmt":"2025-02-26T00:01:17","slug":"robe-anastasia-black-xirena-50","status":"publish","type":"product","link":"https:\/\/streetmarkets.fr\/app\/produit\/robe-anastasia-black-xirena-50\/","title":{"rendered":"XIRENA Robe Anastasia Black -50%"},"content":{"rendered":"<p class=\"\">Robe courte coupe ample, manches longues et poignets resserr\u00e9s. Emmanchure large, boutonn\u00e9e sur le devant, se porte avec ou sans la ceinture, deux poches lat\u00e9rales. \u00c9galement disponible dans la couleur Pinot. <\/p>\n<p class=\"\">D\u00e9tail : 50% coton, 50% rayon <\/p>\n","protected":false},"excerpt":{"rendered":"<p>Robe courte coupe ample, manches longues et poignets resserr\u00e9s. Emmanchure large, boutonn\u00e9e sur le devant, se porte avec ou sans la ceinture, deux poches lat\u00e9rales. \u00c9galement disponible dans la couleur Pinot. D\u00e9tail : 50% coton, 50% rayon<\/p>\n","protected":false},"featured_media":707742,"comment_status":"open","ping_status":"closed","template":"","meta":[],"product_brand":[],"product_cat":[1756,1762],"product_tag":[2244],"acf":[],"_links":{"self":[{"href":"https:\/\/streetmarkets.fr\/app\/wp-json\/wp\/v2\/product\/707741"}],"collection":[{"href":"https:\/\/streetmarkets.fr\/app\/wp-json\/wp\/v2\/product"}],"about":[{"href":"https:\/\/streetmarkets.fr\/app\/wp-json\/wp\/v2\/types\/product"}],"replies":[{"embeddable":true,"href":"https:\/\/streetmarkets.fr\/app\/wp-json\/wp\/v2\/comments?post=707741"}],"wp:featuredmedia":[{"embeddable":true,"href":"https:\/\/streetmarkets.fr\/app\/wp-json\/wp\/v2\/media\/707742"}],"wp:attachment":[{"href":"https:\/\/streetmarkets.fr\/app\/wp-json\/wp\/v2\/media?parent=707741"}],"wp:term":[{"taxonomy":"product_brand","embeddable":true,"href":"https:\/\/streetmarkets.fr\/app\/wp-json\/wp\/v2\/product_brand?post=707741"},{"taxonomy":"product_cat","embeddable":true,"href":"https:\/\/streetmarkets.fr\/app\/wp-json\/wp\/v2\/product_cat?post=707741"},{"taxonomy":"product_tag","embeddable":true,"href":"https:\/\/streetmarkets.fr\/app\/wp-json\/wp\/v2\/product_tag?post=707741"}],"curies":[{"name":"wp","href":"https:\/\/api.w.org\/{rel}","templated":true}]}}