{"id":707717,"date":"2024-10-15T16:42:09","date_gmt":"2024-10-15T14:42:09","guid":{"rendered":"https:\/\/streetmarkets.fr\/app\/produit\/jupe-moresby-lilac-masscob-50\/"},"modified":"2025-02-26T01:01:17","modified_gmt":"2025-02-26T00:01:17","slug":"jupe-moresby-lilac-masscob-50","status":"publish","type":"product","link":"https:\/\/streetmarkets.fr\/app\/produit\/jupe-moresby-lilac-masscob-50\/","title":{"rendered":"MASSCOB Jupe Moresby Lilac -50%"},"content":{"rendered":"<p class=\"\">Jupe fluide, taille haute, fermeture par un zip sur le c\u00f4t\u00e9.<\/p>\n<p class=\"\">D\u00e9tail : 65% polyester recycl\u00e9, 35% polyester<\/p>\n","protected":false},"excerpt":{"rendered":"<p>Jupe fluide, taille haute, fermeture par un zip sur le c\u00f4t\u00e9. D\u00e9tail : 65% polyester recycl\u00e9, 35% polyester<\/p>\n","protected":false},"featured_media":707718,"comment_status":"open","ping_status":"closed","template":"","meta":[],"product_brand":[],"product_cat":[1756,1762],"product_tag":[2244],"acf":[],"_links":{"self":[{"href":"https:\/\/streetmarkets.fr\/app\/wp-json\/wp\/v2\/product\/707717"}],"collection":[{"href":"https:\/\/streetmarkets.fr\/app\/wp-json\/wp\/v2\/product"}],"about":[{"href":"https:\/\/streetmarkets.fr\/app\/wp-json\/wp\/v2\/types\/product"}],"replies":[{"embeddable":true,"href":"https:\/\/streetmarkets.fr\/app\/wp-json\/wp\/v2\/comments?post=707717"}],"wp:featuredmedia":[{"embeddable":true,"href":"https:\/\/streetmarkets.fr\/app\/wp-json\/wp\/v2\/media\/707718"}],"wp:attachment":[{"href":"https:\/\/streetmarkets.fr\/app\/wp-json\/wp\/v2\/media?parent=707717"}],"wp:term":[{"taxonomy":"product_brand","embeddable":true,"href":"https:\/\/streetmarkets.fr\/app\/wp-json\/wp\/v2\/product_brand?post=707717"},{"taxonomy":"product_cat","embeddable":true,"href":"https:\/\/streetmarkets.fr\/app\/wp-json\/wp\/v2\/product_cat?post=707717"},{"taxonomy":"product_tag","embeddable":true,"href":"https:\/\/streetmarkets.fr\/app\/wp-json\/wp\/v2\/product_tag?post=707717"}],"curies":[{"name":"wp","href":"https:\/\/api.w.org\/{rel}","templated":true}]}}