{"id":707703,"date":"2024-10-15T16:42:08","date_gmt":"2024-10-15T14:42:08","guid":{"rendered":"https:\/\/streetmarkets.fr\/app\/produit\/echarpe-en-laine-antique-rose-pomandere-30\/"},"modified":"2024-11-04T01:02:27","modified_gmt":"2024-11-04T00:02:27","slug":"echarpe-en-laine-antique-rose-pomandere-30","status":"publish","type":"product","link":"https:\/\/streetmarkets.fr\/app\/produit\/echarpe-en-laine-antique-rose-pomandere-30\/","title":{"rendered":"\u00c9charpe en laine Antique Rose Pomand\u00e8re -30%"},"content":{"rendered":"<p class=\"\">\u00c9charpe large en laine douce et chaude, d\u00e9tail broderie Pomand\u00e8re sur le c\u00f4t\u00e9. <\/p>\n<p class=\"\">D\u00e9tail : 100% laine <\/p>\n","protected":false},"excerpt":{"rendered":"<p>\u00c9charpe large en laine douce et chaude, d\u00e9tail broderie Pomand\u00e8re sur le c\u00f4t\u00e9. D\u00e9tail : 100% laine<\/p>\n","protected":false},"featured_media":707704,"comment_status":"open","ping_status":"closed","template":"","meta":[],"product_brand":[],"product_cat":[1756,1764],"product_tag":[2244],"acf":[],"_links":{"self":[{"href":"https:\/\/streetmarkets.fr\/app\/wp-json\/wp\/v2\/product\/707703"}],"collection":[{"href":"https:\/\/streetmarkets.fr\/app\/wp-json\/wp\/v2\/product"}],"about":[{"href":"https:\/\/streetmarkets.fr\/app\/wp-json\/wp\/v2\/types\/product"}],"replies":[{"embeddable":true,"href":"https:\/\/streetmarkets.fr\/app\/wp-json\/wp\/v2\/comments?post=707703"}],"wp:featuredmedia":[{"embeddable":true,"href":"https:\/\/streetmarkets.fr\/app\/wp-json\/wp\/v2\/media\/707704"}],"wp:attachment":[{"href":"https:\/\/streetmarkets.fr\/app\/wp-json\/wp\/v2\/media?parent=707703"}],"wp:term":[{"taxonomy":"product_brand","embeddable":true,"href":"https:\/\/streetmarkets.fr\/app\/wp-json\/wp\/v2\/product_brand?post=707703"},{"taxonomy":"product_cat","embeddable":true,"href":"https:\/\/streetmarkets.fr\/app\/wp-json\/wp\/v2\/product_cat?post=707703"},{"taxonomy":"product_tag","embeddable":true,"href":"https:\/\/streetmarkets.fr\/app\/wp-json\/wp\/v2\/product_tag?post=707703"}],"curies":[{"name":"wp","href":"https:\/\/api.w.org\/{rel}","templated":true}]}}