{"id":707686,"date":"2024-10-15T16:42:06","date_gmt":"2024-10-15T14:42:06","guid":{"rendered":"https:\/\/streetmarkets.fr\/app\/produit\/echarpe-en-laine-citron-pomandere-30\/"},"modified":"2024-11-04T01:02:26","modified_gmt":"2024-11-04T00:02:26","slug":"echarpe-en-laine-citron-pomandere-30","status":"publish","type":"product","link":"https:\/\/streetmarkets.fr\/app\/produit\/echarpe-en-laine-citron-pomandere-30\/","title":{"rendered":"\u00c9charpe en Laine Citron Pomand\u00e8re -30%"},"content":{"rendered":"<p class=\"\">\u00c9charpe en laine douce et chaude, \u00e9galement disponible dans la couleur Rose Antique. Dimensions :<\/p>\n<p class=\"\">D\u00e9tail : <span>34% mohair, 34% alpaca, 32% polyesther<\/span><\/p>\n","protected":false},"excerpt":{"rendered":"<p>\u00c9charpe en laine douce et chaude, \u00e9galement disponible dans la couleur Rose Antique. Dimensions : D\u00e9tail : 34% mohair, 34% alpaca, 32% polyesther<\/p>\n","protected":false},"featured_media":707687,"comment_status":"open","ping_status":"closed","template":"","meta":[],"product_brand":[],"product_cat":[1756,1764],"product_tag":[2244],"acf":[],"_links":{"self":[{"href":"https:\/\/streetmarkets.fr\/app\/wp-json\/wp\/v2\/product\/707686"}],"collection":[{"href":"https:\/\/streetmarkets.fr\/app\/wp-json\/wp\/v2\/product"}],"about":[{"href":"https:\/\/streetmarkets.fr\/app\/wp-json\/wp\/v2\/types\/product"}],"replies":[{"embeddable":true,"href":"https:\/\/streetmarkets.fr\/app\/wp-json\/wp\/v2\/comments?post=707686"}],"wp:featuredmedia":[{"embeddable":true,"href":"https:\/\/streetmarkets.fr\/app\/wp-json\/wp\/v2\/media\/707687"}],"wp:attachment":[{"href":"https:\/\/streetmarkets.fr\/app\/wp-json\/wp\/v2\/media?parent=707686"}],"wp:term":[{"taxonomy":"product_brand","embeddable":true,"href":"https:\/\/streetmarkets.fr\/app\/wp-json\/wp\/v2\/product_brand?post=707686"},{"taxonomy":"product_cat","embeddable":true,"href":"https:\/\/streetmarkets.fr\/app\/wp-json\/wp\/v2\/product_cat?post=707686"},{"taxonomy":"product_tag","embeddable":true,"href":"https:\/\/streetmarkets.fr\/app\/wp-json\/wp\/v2\/product_tag?post=707686"}],"curies":[{"name":"wp","href":"https:\/\/api.w.org\/{rel}","templated":true}]}}