{"id":707676,"date":"2024-10-15T16:42:06","date_gmt":"2024-10-15T14:42:06","guid":{"rendered":"https:\/\/streetmarkets.fr\/app\/produit\/jupe-en-denim-blue-pomandere-50\/"},"modified":"2026-05-06T02:01:19","modified_gmt":"2026-05-06T00:01:19","slug":"jupe-en-denim-blue-pomandere-50","status":"publish","type":"product","link":"https:\/\/streetmarkets.fr\/app\/produit\/jupe-en-denim-blue-pomandere-50\/","title":{"rendered":"POMAND\u00c8RE Jupe en Denim Blue -50%"},"content":{"rendered":"<p class=\"\">Jupe courte en denim, taille haute, boutonn\u00e9e sur le devant, coupe trap\u00e8ze, finition bord vif, deux poches laterales. <\/p>\n<p class=\"\">D\u00e9tail : 100% coton<\/p>\n","protected":false},"excerpt":{"rendered":"<p>Jupe courte en denim, taille haute, boutonn\u00e9e sur le devant, coupe trap\u00e8ze, finition bord vif, deux poches laterales. D\u00e9tail : 100% coton<\/p>\n","protected":false},"featured_media":707677,"comment_status":"open","ping_status":"closed","template":"","meta":[],"product_brand":[],"product_cat":[1756,1762],"product_tag":[2244],"acf":[],"_links":{"self":[{"href":"https:\/\/streetmarkets.fr\/app\/wp-json\/wp\/v2\/product\/707676"}],"collection":[{"href":"https:\/\/streetmarkets.fr\/app\/wp-json\/wp\/v2\/product"}],"about":[{"href":"https:\/\/streetmarkets.fr\/app\/wp-json\/wp\/v2\/types\/product"}],"replies":[{"embeddable":true,"href":"https:\/\/streetmarkets.fr\/app\/wp-json\/wp\/v2\/comments?post=707676"}],"wp:featuredmedia":[{"embeddable":true,"href":"https:\/\/streetmarkets.fr\/app\/wp-json\/wp\/v2\/media\/707677"}],"wp:attachment":[{"href":"https:\/\/streetmarkets.fr\/app\/wp-json\/wp\/v2\/media?parent=707676"}],"wp:term":[{"taxonomy":"product_brand","embeddable":true,"href":"https:\/\/streetmarkets.fr\/app\/wp-json\/wp\/v2\/product_brand?post=707676"},{"taxonomy":"product_cat","embeddable":true,"href":"https:\/\/streetmarkets.fr\/app\/wp-json\/wp\/v2\/product_cat?post=707676"},{"taxonomy":"product_tag","embeddable":true,"href":"https:\/\/streetmarkets.fr\/app\/wp-json\/wp\/v2\/product_tag?post=707676"}],"curies":[{"name":"wp","href":"https:\/\/api.w.org\/{rel}","templated":true}]}}