{"id":707669,"date":"2024-10-15T16:42:05","date_gmt":"2024-10-15T14:42:05","guid":{"rendered":"https:\/\/streetmarkets.fr\/app\/produit\/jupe-en-velours-kaki-pomandere-50\/"},"modified":"2025-02-26T01:01:16","modified_gmt":"2025-02-26T00:01:16","slug":"jupe-en-velours-kaki-pomandere-50","status":"publish","type":"product","link":"https:\/\/streetmarkets.fr\/app\/produit\/jupe-en-velours-kaki-pomandere-50\/","title":{"rendered":"POMAND\u00c8RE Jupe en Velours Kaki -50%"},"content":{"rendered":"<p class=\"\">Jupe mini en velours, coupe trap\u00e8ze, taille haute, boutonn\u00e9e sur le c\u00f4t\u00e9 devant, deux poches lat\u00e9rales. <\/p>\n<p class=\"\">D\u00e9tail : 50% viscose, 48% coton, 2% elasthane<\/p>\n","protected":false},"excerpt":{"rendered":"<p>Jupe mini en velours, coupe trap\u00e8ze, taille haute, boutonn\u00e9e sur le c\u00f4t\u00e9 devant, deux poches lat\u00e9rales. D\u00e9tail : 50% viscose, 48% coton, 2% elasthane<\/p>\n","protected":false},"featured_media":707670,"comment_status":"open","ping_status":"closed","template":"","meta":[],"product_brand":[],"product_cat":[1756,1762],"product_tag":[2244],"acf":[],"_links":{"self":[{"href":"https:\/\/streetmarkets.fr\/app\/wp-json\/wp\/v2\/product\/707669"}],"collection":[{"href":"https:\/\/streetmarkets.fr\/app\/wp-json\/wp\/v2\/product"}],"about":[{"href":"https:\/\/streetmarkets.fr\/app\/wp-json\/wp\/v2\/types\/product"}],"replies":[{"embeddable":true,"href":"https:\/\/streetmarkets.fr\/app\/wp-json\/wp\/v2\/comments?post=707669"}],"wp:featuredmedia":[{"embeddable":true,"href":"https:\/\/streetmarkets.fr\/app\/wp-json\/wp\/v2\/media\/707670"}],"wp:attachment":[{"href":"https:\/\/streetmarkets.fr\/app\/wp-json\/wp\/v2\/media?parent=707669"}],"wp:term":[{"taxonomy":"product_brand","embeddable":true,"href":"https:\/\/streetmarkets.fr\/app\/wp-json\/wp\/v2\/product_brand?post=707669"},{"taxonomy":"product_cat","embeddable":true,"href":"https:\/\/streetmarkets.fr\/app\/wp-json\/wp\/v2\/product_cat?post=707669"},{"taxonomy":"product_tag","embeddable":true,"href":"https:\/\/streetmarkets.fr\/app\/wp-json\/wp\/v2\/product_tag?post=707669"}],"curies":[{"name":"wp","href":"https:\/\/api.w.org\/{rel}","templated":true}]}}