{"id":707658,"date":"2024-10-15T16:42:04","date_gmt":"2024-10-15T14:42:04","guid":{"rendered":"https:\/\/streetmarkets.fr\/app\/produit\/pull-xinow-glycine-american-vintage-50\/"},"modified":"2025-02-26T01:01:16","modified_gmt":"2025-02-26T00:01:16","slug":"pull-xinow-glycine-american-vintage-50","status":"publish","type":"product","link":"https:\/\/streetmarkets.fr\/app\/produit\/pull-xinow-glycine-american-vintage-50\/","title":{"rendered":"AMERICAN VINTAGE Pull Xinow Glycine -40%"},"content":{"rendered":"<p class=\"\">Pull cache-coeur en laine m\u00e9lang\u00e9e, coupe ample, manches longues, se noue sur le devant, encolure en V. Tout doux et chaud. \u00c9galement disponible dans la couleur Pearl. <\/p>\n<p class=\"\">D\u00e9tail : 41% polyamide, 36% laine, 16% alpaga, 7% elasthannne<\/p>\n","protected":false},"excerpt":{"rendered":"<p>Pull cache-coeur en laine m\u00e9lang\u00e9e, coupe ample, manches longues, se noue sur le devant, encolure en V. Tout doux et chaud. \u00c9galement disponible dans la couleur Pearl. D\u00e9tail : 41% polyamide, 36% laine, 16% alpaga, 7% elasthannne<\/p>\n","protected":false},"featured_media":707659,"comment_status":"open","ping_status":"closed","template":"","meta":[],"product_brand":[7130],"product_cat":[1756,1762],"product_tag":[2244],"acf":[],"_links":{"self":[{"href":"https:\/\/streetmarkets.fr\/app\/wp-json\/wp\/v2\/product\/707658"}],"collection":[{"href":"https:\/\/streetmarkets.fr\/app\/wp-json\/wp\/v2\/product"}],"about":[{"href":"https:\/\/streetmarkets.fr\/app\/wp-json\/wp\/v2\/types\/product"}],"replies":[{"embeddable":true,"href":"https:\/\/streetmarkets.fr\/app\/wp-json\/wp\/v2\/comments?post=707658"}],"wp:featuredmedia":[{"embeddable":true,"href":"https:\/\/streetmarkets.fr\/app\/wp-json\/wp\/v2\/media\/707659"}],"wp:attachment":[{"href":"https:\/\/streetmarkets.fr\/app\/wp-json\/wp\/v2\/media?parent=707658"}],"wp:term":[{"taxonomy":"product_brand","embeddable":true,"href":"https:\/\/streetmarkets.fr\/app\/wp-json\/wp\/v2\/product_brand?post=707658"},{"taxonomy":"product_cat","embeddable":true,"href":"https:\/\/streetmarkets.fr\/app\/wp-json\/wp\/v2\/product_cat?post=707658"},{"taxonomy":"product_tag","embeddable":true,"href":"https:\/\/streetmarkets.fr\/app\/wp-json\/wp\/v2\/product_tag?post=707658"}],"curies":[{"name":"wp","href":"https:\/\/api.w.org\/{rel}","templated":true}]}}