{"id":707650,"date":"2024-10-15T16:42:03","date_gmt":"2024-10-15T14:42:03","guid":{"rendered":"https:\/\/streetmarkets.fr\/app\/produit\/jogging-ukoz-baby-doll-american-vintage-40\/"},"modified":"2025-02-26T01:01:16","modified_gmt":"2025-02-26T00:01:16","slug":"jogging-ukoz-baby-doll-american-vintage-40","status":"publish","type":"product","link":"https:\/\/streetmarkets.fr\/app\/produit\/jogging-ukoz-baby-doll-american-vintage-40\/","title":{"rendered":"AMERICAN VINTAGE Jogging Ukoz Baby Doll -40%"},"content":{"rendered":"<p class=\"\">Jogging \u00e0 la taille \u00e9lastique, jambe \u00e9vas\u00e9e, tout doux et cocooning, \u00e0 porter avec le top assorti Ukoz Baby Doll ! <\/p>\n<p class=\"\">D\u00e9tail : 57% polyester, 43% coton<\/p>\n","protected":false},"excerpt":{"rendered":"<p>Jogging \u00e0 la taille \u00e9lastique, jambe \u00e9vas\u00e9e, tout doux et cocooning, \u00e0 porter avec le top assorti Ukoz Baby Doll ! D\u00e9tail : 57% polyester, 43% coton<\/p>\n","protected":false},"featured_media":707651,"comment_status":"open","ping_status":"closed","template":"","meta":[],"product_brand":[7130],"product_cat":[1756,1762],"product_tag":[2244],"acf":[],"_links":{"self":[{"href":"https:\/\/streetmarkets.fr\/app\/wp-json\/wp\/v2\/product\/707650"}],"collection":[{"href":"https:\/\/streetmarkets.fr\/app\/wp-json\/wp\/v2\/product"}],"about":[{"href":"https:\/\/streetmarkets.fr\/app\/wp-json\/wp\/v2\/types\/product"}],"replies":[{"embeddable":true,"href":"https:\/\/streetmarkets.fr\/app\/wp-json\/wp\/v2\/comments?post=707650"}],"wp:featuredmedia":[{"embeddable":true,"href":"https:\/\/streetmarkets.fr\/app\/wp-json\/wp\/v2\/media\/707651"}],"wp:attachment":[{"href":"https:\/\/streetmarkets.fr\/app\/wp-json\/wp\/v2\/media?parent=707650"}],"wp:term":[{"taxonomy":"product_brand","embeddable":true,"href":"https:\/\/streetmarkets.fr\/app\/wp-json\/wp\/v2\/product_brand?post=707650"},{"taxonomy":"product_cat","embeddable":true,"href":"https:\/\/streetmarkets.fr\/app\/wp-json\/wp\/v2\/product_cat?post=707650"},{"taxonomy":"product_tag","embeddable":true,"href":"https:\/\/streetmarkets.fr\/app\/wp-json\/wp\/v2\/product_tag?post=707650"}],"curies":[{"name":"wp","href":"https:\/\/api.w.org\/{rel}","templated":true}]}}