{"id":707639,"date":"2024-10-15T16:42:02","date_gmt":"2024-10-15T14:42:02","guid":{"rendered":"https:\/\/streetmarkets.fr\/app\/produit\/nouveau-top-piwik-charcoal-american-vintage-40\/"},"modified":"2026-01-21T01:02:28","modified_gmt":"2026-01-21T00:02:28","slug":"nouveau-top-piwik-charcoal-american-vintage-40","status":"publish","type":"product","link":"https:\/\/streetmarkets.fr\/app\/produit\/nouveau-top-piwik-charcoal-american-vintage-40\/","title":{"rendered":"AMERICAN VINTAGE Top Piwik Charcoal -40%"},"content":{"rendered":"<p class=\"\">Top court type brassi\u00e8re en coton, encolure v, sans manches et resserr\u00e9.<\/p>\n<p class=\"\">D\u00e9tail : 100% coton<\/p>\n","protected":false},"excerpt":{"rendered":"<p>Top court type brassi\u00e8re en coton, encolure v, sans manches et resserr\u00e9. D\u00e9tail : 100% coton<\/p>\n","protected":false},"featured_media":707640,"comment_status":"open","ping_status":"closed","template":"","meta":[],"product_brand":[7130],"product_cat":[1756,1762],"product_tag":[2244],"acf":[],"_links":{"self":[{"href":"https:\/\/streetmarkets.fr\/app\/wp-json\/wp\/v2\/product\/707639"}],"collection":[{"href":"https:\/\/streetmarkets.fr\/app\/wp-json\/wp\/v2\/product"}],"about":[{"href":"https:\/\/streetmarkets.fr\/app\/wp-json\/wp\/v2\/types\/product"}],"replies":[{"embeddable":true,"href":"https:\/\/streetmarkets.fr\/app\/wp-json\/wp\/v2\/comments?post=707639"}],"wp:featuredmedia":[{"embeddable":true,"href":"https:\/\/streetmarkets.fr\/app\/wp-json\/wp\/v2\/media\/707640"}],"wp:attachment":[{"href":"https:\/\/streetmarkets.fr\/app\/wp-json\/wp\/v2\/media?parent=707639"}],"wp:term":[{"taxonomy":"product_brand","embeddable":true,"href":"https:\/\/streetmarkets.fr\/app\/wp-json\/wp\/v2\/product_brand?post=707639"},{"taxonomy":"product_cat","embeddable":true,"href":"https:\/\/streetmarkets.fr\/app\/wp-json\/wp\/v2\/product_cat?post=707639"},{"taxonomy":"product_tag","embeddable":true,"href":"https:\/\/streetmarkets.fr\/app\/wp-json\/wp\/v2\/product_tag?post=707639"}],"curies":[{"name":"wp","href":"https:\/\/api.w.org\/{rel}","templated":true}]}}