{"id":707618,"date":"2024-10-15T16:41:20","date_gmt":"2024-10-15T14:41:20","guid":{"rendered":"https:\/\/streetmarkets.fr\/app\/produit\/jupe-joybird-dirty-american-vintage-40\/"},"modified":"2026-01-21T01:02:27","modified_gmt":"2026-01-21T00:02:27","slug":"jupe-joybird-dirty-american-vintage-40","status":"publish","type":"product","link":"https:\/\/streetmarkets.fr\/app\/produit\/jupe-joybird-dirty-american-vintage-40\/","title":{"rendered":"AMERICAN VINTAGE Jupe Joybird Dirty -40%"},"content":{"rendered":"<p class=\"\">Jupe courte en jean en coton, taille haute, coupe trap\u00e8ze, zipp\u00e9e dans le dos.<\/p>\n<p class=\"\">D\u00e9tail : 100% coton<\/p>\n","protected":false},"excerpt":{"rendered":"<p>Jupe courte en jean en coton, taille haute, coupe trap\u00e8ze, zipp\u00e9e dans le dos. D\u00e9tail : 100% coton<\/p>\n","protected":false},"featured_media":707619,"comment_status":"open","ping_status":"closed","template":"","meta":[],"product_brand":[7130],"product_cat":[1756,1758],"product_tag":[2244],"acf":[],"_links":{"self":[{"href":"https:\/\/streetmarkets.fr\/app\/wp-json\/wp\/v2\/product\/707618"}],"collection":[{"href":"https:\/\/streetmarkets.fr\/app\/wp-json\/wp\/v2\/product"}],"about":[{"href":"https:\/\/streetmarkets.fr\/app\/wp-json\/wp\/v2\/types\/product"}],"replies":[{"embeddable":true,"href":"https:\/\/streetmarkets.fr\/app\/wp-json\/wp\/v2\/comments?post=707618"}],"wp:featuredmedia":[{"embeddable":true,"href":"https:\/\/streetmarkets.fr\/app\/wp-json\/wp\/v2\/media\/707619"}],"wp:attachment":[{"href":"https:\/\/streetmarkets.fr\/app\/wp-json\/wp\/v2\/media?parent=707618"}],"wp:term":[{"taxonomy":"product_brand","embeddable":true,"href":"https:\/\/streetmarkets.fr\/app\/wp-json\/wp\/v2\/product_brand?post=707618"},{"taxonomy":"product_cat","embeddable":true,"href":"https:\/\/streetmarkets.fr\/app\/wp-json\/wp\/v2\/product_cat?post=707618"},{"taxonomy":"product_tag","embeddable":true,"href":"https:\/\/streetmarkets.fr\/app\/wp-json\/wp\/v2\/product_tag?post=707618"}],"curies":[{"name":"wp","href":"https:\/\/api.w.org\/{rel}","templated":true}]}}