{"id":707601,"date":"2024-10-15T16:41:19","date_gmt":"2024-10-15T14:41:19","guid":{"rendered":"https:\/\/streetmarkets.fr\/app\/produit\/pull-xinow-pearl-american-vintage-50\/"},"modified":"2024-11-04T01:01:32","modified_gmt":"2024-11-04T00:01:32","slug":"pull-xinow-pearl-american-vintage-50","status":"publish","type":"product","link":"https:\/\/streetmarkets.fr\/app\/produit\/pull-xinow-pearl-american-vintage-50\/","title":{"rendered":"Pull Xinow Pearl AMERICAN VINTAGE -50%"},"content":{"rendered":"<p class=\"\">Pull cache-coeur en laine m\u00e9lang\u00e9e, coupe ample, manches longues, se noue sur le devant, encolure en V. Tout doux et chaud. \u00c9galement disponible dans la couleur Glycine.<\/p>\n<p class=\"\">D\u00e9tail : 41% polyamide, 36% laine, 16% alpaga, 7% elasthannne<\/p>\n","protected":false},"excerpt":{"rendered":"<p>Pull cache-coeur en laine m\u00e9lang\u00e9e, coupe ample, manches longues, se noue sur le devant, encolure en V. Tout doux et chaud. \u00c9galement disponible dans la couleur Glycine. D\u00e9tail : 41% polyamide, 36% laine, 16% alpaga, 7% elasthannne<\/p>\n","protected":false},"featured_media":707602,"comment_status":"open","ping_status":"closed","template":"","meta":[],"product_brand":[7130],"product_cat":[1756,1758],"product_tag":[2244],"acf":[],"_links":{"self":[{"href":"https:\/\/streetmarkets.fr\/app\/wp-json\/wp\/v2\/product\/707601"}],"collection":[{"href":"https:\/\/streetmarkets.fr\/app\/wp-json\/wp\/v2\/product"}],"about":[{"href":"https:\/\/streetmarkets.fr\/app\/wp-json\/wp\/v2\/types\/product"}],"replies":[{"embeddable":true,"href":"https:\/\/streetmarkets.fr\/app\/wp-json\/wp\/v2\/comments?post=707601"}],"wp:featuredmedia":[{"embeddable":true,"href":"https:\/\/streetmarkets.fr\/app\/wp-json\/wp\/v2\/media\/707602"}],"wp:attachment":[{"href":"https:\/\/streetmarkets.fr\/app\/wp-json\/wp\/v2\/media?parent=707601"}],"wp:term":[{"taxonomy":"product_brand","embeddable":true,"href":"https:\/\/streetmarkets.fr\/app\/wp-json\/wp\/v2\/product_brand?post=707601"},{"taxonomy":"product_cat","embeddable":true,"href":"https:\/\/streetmarkets.fr\/app\/wp-json\/wp\/v2\/product_cat?post=707601"},{"taxonomy":"product_tag","embeddable":true,"href":"https:\/\/streetmarkets.fr\/app\/wp-json\/wp\/v2\/product_tag?post=707601"}],"curies":[{"name":"wp","href":"https:\/\/api.w.org\/{rel}","templated":true}]}}