{"id":707596,"date":"2024-10-15T16:41:19","date_gmt":"2024-10-15T14:41:19","guid":{"rendered":"https:\/\/streetmarkets.fr\/app\/produit\/sweat-ypawood-heather-grey-american-vintage-30\/"},"modified":"2024-11-04T01:01:31","modified_gmt":"2024-11-04T00:01:31","slug":"sweat-ypawood-heather-grey-american-vintage-30","status":"publish","type":"product","link":"https:\/\/streetmarkets.fr\/app\/produit\/sweat-ypawood-heather-grey-american-vintage-30\/","title":{"rendered":"Sweat Ypawood Heather Grey AMERICAN VINTAGE -30%"},"content":{"rendered":"<p class=\"\">Sweat \u00e0 capuche zipp\u00e9, coupe ample, manches longues, emmanchure large, poignets resserr\u00e9s. Tout doux et cocooning. A porter avec le jogging Ypawood. <\/p>\n<p class=\"\">D\u00e9tail : 48% coton, 48% modal, 4% \u00e9lasthanne<\/p>\n","protected":false},"excerpt":{"rendered":"<p>Sweat \u00e0 capuche zipp\u00e9, coupe ample, manches longues, emmanchure large, poignets resserr\u00e9s. Tout doux et cocooning. A porter avec le jogging Ypawood. D\u00e9tail : 48% coton, 48% modal, 4% \u00e9lasthanne<\/p>\n","protected":false},"featured_media":707597,"comment_status":"open","ping_status":"closed","template":"","meta":[],"product_brand":[7130],"product_cat":[1756,1758],"product_tag":[2244],"acf":[],"_links":{"self":[{"href":"https:\/\/streetmarkets.fr\/app\/wp-json\/wp\/v2\/product\/707596"}],"collection":[{"href":"https:\/\/streetmarkets.fr\/app\/wp-json\/wp\/v2\/product"}],"about":[{"href":"https:\/\/streetmarkets.fr\/app\/wp-json\/wp\/v2\/types\/product"}],"replies":[{"embeddable":true,"href":"https:\/\/streetmarkets.fr\/app\/wp-json\/wp\/v2\/comments?post=707596"}],"wp:featuredmedia":[{"embeddable":true,"href":"https:\/\/streetmarkets.fr\/app\/wp-json\/wp\/v2\/media\/707597"}],"wp:attachment":[{"href":"https:\/\/streetmarkets.fr\/app\/wp-json\/wp\/v2\/media?parent=707596"}],"wp:term":[{"taxonomy":"product_brand","embeddable":true,"href":"https:\/\/streetmarkets.fr\/app\/wp-json\/wp\/v2\/product_brand?post=707596"},{"taxonomy":"product_cat","embeddable":true,"href":"https:\/\/streetmarkets.fr\/app\/wp-json\/wp\/v2\/product_cat?post=707596"},{"taxonomy":"product_tag","embeddable":true,"href":"https:\/\/streetmarkets.fr\/app\/wp-json\/wp\/v2\/product_tag?post=707596"}],"curies":[{"name":"wp","href":"https:\/\/api.w.org\/{rel}","templated":true}]}}