{"id":707589,"date":"2024-10-15T16:41:18","date_gmt":"2024-10-15T14:41:18","guid":{"rendered":"https:\/\/streetmarkets.fr\/app\/produit\/blouse-naples-ocre-bellepiece-50\/"},"modified":"2025-09-17T02:03:28","modified_gmt":"2025-09-17T00:03:28","slug":"blouse-naples-ocre-bellepiece-50","status":"publish","type":"product","link":"https:\/\/streetmarkets.fr\/app\/produit\/blouse-naples-ocre-bellepiece-50\/","title":{"rendered":"BELLEPIECE Blouse Naples Ocre 50%"},"content":{"rendered":"<p class=\"\">Blouse coupe ample, boutonn\u00e9e sur toute la hauteur devant, manches longues et poignets resserr\u00e9s. Volants sur le col et la patte de boutonnage.<\/p>\n<p class=\"\">D\u00e9tail : 45% coton, 55% viscose<\/p>\n","protected":false},"excerpt":{"rendered":"<p>Blouse coupe ample, boutonn\u00e9e sur toute la hauteur devant, manches longues et poignets resserr\u00e9s. Volants sur le col et la patte de boutonnage. D\u00e9tail : 45% coton, 55% viscose<\/p>\n","protected":false},"featured_media":707590,"comment_status":"open","ping_status":"closed","template":"","meta":[],"product_brand":[],"product_cat":[1756,1758],"product_tag":[2244],"acf":[],"_links":{"self":[{"href":"https:\/\/streetmarkets.fr\/app\/wp-json\/wp\/v2\/product\/707589"}],"collection":[{"href":"https:\/\/streetmarkets.fr\/app\/wp-json\/wp\/v2\/product"}],"about":[{"href":"https:\/\/streetmarkets.fr\/app\/wp-json\/wp\/v2\/types\/product"}],"replies":[{"embeddable":true,"href":"https:\/\/streetmarkets.fr\/app\/wp-json\/wp\/v2\/comments?post=707589"}],"wp:featuredmedia":[{"embeddable":true,"href":"https:\/\/streetmarkets.fr\/app\/wp-json\/wp\/v2\/media\/707590"}],"wp:attachment":[{"href":"https:\/\/streetmarkets.fr\/app\/wp-json\/wp\/v2\/media?parent=707589"}],"wp:term":[{"taxonomy":"product_brand","embeddable":true,"href":"https:\/\/streetmarkets.fr\/app\/wp-json\/wp\/v2\/product_brand?post=707589"},{"taxonomy":"product_cat","embeddable":true,"href":"https:\/\/streetmarkets.fr\/app\/wp-json\/wp\/v2\/product_cat?post=707589"},{"taxonomy":"product_tag","embeddable":true,"href":"https:\/\/streetmarkets.fr\/app\/wp-json\/wp\/v2\/product_tag?post=707589"}],"curies":[{"name":"wp","href":"https:\/\/api.w.org\/{rel}","templated":true}]}}