{"id":707559,"date":"2024-10-15T16:41:16","date_gmt":"2024-10-15T14:41:16","guid":{"rendered":"https:\/\/streetmarkets.fr\/app\/produit\/manteau-moss-black-bellepiece-50\/"},"modified":"2025-09-17T02:03:28","modified_gmt":"2025-09-17T00:03:28","slug":"manteau-moss-black-bellepiece-50","status":"publish","type":"product","link":"https:\/\/streetmarkets.fr\/app\/produit\/manteau-moss-black-bellepiece-50\/","title":{"rendered":"BELLEPIECE Manteau Moss Black -50%"},"content":{"rendered":"<p class=\"\">Manteau en laine coupe ample, emmanchure large, manches longues, col haut. Boutonn\u00e9 sur toute la hauteur devant, deux poches plaqu\u00e9es devant, d\u00e9tail de fente sur le c\u00f4t\u00e9, doubl\u00e9. <\/p>\n<p class=\"\">D\u00e9tail : 90% laine, 10% cachemire<\/p>\n","protected":false},"excerpt":{"rendered":"<p>Manteau en laine coupe ample, emmanchure large, manches longues, col haut. Boutonn\u00e9 sur toute la hauteur devant, deux poches plaqu\u00e9es devant, d\u00e9tail de fente sur le c\u00f4t\u00e9, doubl\u00e9. D\u00e9tail : 90% laine, 10% cachemire<\/p>\n","protected":false},"featured_media":707560,"comment_status":"open","ping_status":"closed","template":"","meta":[],"product_brand":[],"product_cat":[1756,1758],"product_tag":[2244],"acf":[],"_links":{"self":[{"href":"https:\/\/streetmarkets.fr\/app\/wp-json\/wp\/v2\/product\/707559"}],"collection":[{"href":"https:\/\/streetmarkets.fr\/app\/wp-json\/wp\/v2\/product"}],"about":[{"href":"https:\/\/streetmarkets.fr\/app\/wp-json\/wp\/v2\/types\/product"}],"replies":[{"embeddable":true,"href":"https:\/\/streetmarkets.fr\/app\/wp-json\/wp\/v2\/comments?post=707559"}],"wp:featuredmedia":[{"embeddable":true,"href":"https:\/\/streetmarkets.fr\/app\/wp-json\/wp\/v2\/media\/707560"}],"wp:attachment":[{"href":"https:\/\/streetmarkets.fr\/app\/wp-json\/wp\/v2\/media?parent=707559"}],"wp:term":[{"taxonomy":"product_brand","embeddable":true,"href":"https:\/\/streetmarkets.fr\/app\/wp-json\/wp\/v2\/product_brand?post=707559"},{"taxonomy":"product_cat","embeddable":true,"href":"https:\/\/streetmarkets.fr\/app\/wp-json\/wp\/v2\/product_cat?post=707559"},{"taxonomy":"product_tag","embeddable":true,"href":"https:\/\/streetmarkets.fr\/app\/wp-json\/wp\/v2\/product_tag?post=707559"}],"curies":[{"name":"wp","href":"https:\/\/api.w.org\/{rel}","templated":true}]}}