{"id":707543,"date":"2024-10-15T16:41:15","date_gmt":"2024-10-15T14:41:15","guid":{"rendered":"https:\/\/streetmarkets.fr\/app\/produit\/robe-hanovre-blue-bellepiece-50\/"},"modified":"2026-05-06T02:01:18","modified_gmt":"2026-05-06T00:01:18","slug":"robe-hanovre-blue-bellepiece-50","status":"publish","type":"product","link":"https:\/\/streetmarkets.fr\/app\/produit\/robe-hanovre-blue-bellepiece-50\/","title":{"rendered":"BELLEPIECE Robe Hanovre Blue -50%"},"content":{"rendered":"<p class=\"\">Robe coupe ample, manches longues et poignets resserr\u00e9s, encolure arrondie, boutonn\u00e9e sur toute la hauteur devant, deux poches lat\u00e9rales. Peut se porter avec ou sans la ceinture.<\/p>\n<p class=\"\">D\u00e9tail : 45% coton, 55% viscose<\/p>\n","protected":false},"excerpt":{"rendered":"<p>Robe coupe ample, manches longues et poignets resserr\u00e9s, encolure arrondie, boutonn\u00e9e sur toute la hauteur devant, deux poches lat\u00e9rales. Peut se porter avec ou sans la ceinture. D\u00e9tail : 45% coton, 55% viscose<\/p>\n","protected":false},"featured_media":707544,"comment_status":"open","ping_status":"closed","template":"","meta":[],"product_brand":[],"product_cat":[1756,1758],"product_tag":[2244],"acf":[],"_links":{"self":[{"href":"https:\/\/streetmarkets.fr\/app\/wp-json\/wp\/v2\/product\/707543"}],"collection":[{"href":"https:\/\/streetmarkets.fr\/app\/wp-json\/wp\/v2\/product"}],"about":[{"href":"https:\/\/streetmarkets.fr\/app\/wp-json\/wp\/v2\/types\/product"}],"replies":[{"embeddable":true,"href":"https:\/\/streetmarkets.fr\/app\/wp-json\/wp\/v2\/comments?post=707543"}],"wp:featuredmedia":[{"embeddable":true,"href":"https:\/\/streetmarkets.fr\/app\/wp-json\/wp\/v2\/media\/707544"}],"wp:attachment":[{"href":"https:\/\/streetmarkets.fr\/app\/wp-json\/wp\/v2\/media?parent=707543"}],"wp:term":[{"taxonomy":"product_brand","embeddable":true,"href":"https:\/\/streetmarkets.fr\/app\/wp-json\/wp\/v2\/product_brand?post=707543"},{"taxonomy":"product_cat","embeddable":true,"href":"https:\/\/streetmarkets.fr\/app\/wp-json\/wp\/v2\/product_cat?post=707543"},{"taxonomy":"product_tag","embeddable":true,"href":"https:\/\/streetmarkets.fr\/app\/wp-json\/wp\/v2\/product_tag?post=707543"}],"curies":[{"name":"wp","href":"https:\/\/api.w.org\/{rel}","templated":true}]}}