{"id":707535,"date":"2024-10-15T16:41:14","date_gmt":"2024-10-15T14:41:14","guid":{"rendered":"https:\/\/streetmarkets.fr\/app\/produit\/blouse-trevise-ocre-bellepiece-50\/"},"modified":"2026-05-11T02:01:23","modified_gmt":"2026-05-11T00:01:23","slug":"blouse-trevise-ocre-bellepiece-50","status":"publish","type":"product","link":"https:\/\/streetmarkets.fr\/app\/produit\/blouse-trevise-ocre-bellepiece-50\/","title":{"rendered":"BELLEPIECE Blouse Trevise Ocre -40%"},"content":{"rendered":"<p class=\"\">Blouse coupe ample, manches longues et bouffantes, poignets resserr\u00e9s. Encolure arrondie et boutonn\u00e9e sur toute la hauteur devant. Plastron pliss\u00e9 devant et dos. \u00c9galement disponible dans d\u2019autres couleurs. <\/p>\n<p class=\"\">D\u00e9tail : 45% coton, 55% viscose<\/p>\n","protected":false},"excerpt":{"rendered":"<p>Blouse coupe ample, manches longues et bouffantes, poignets resserr\u00e9s. Encolure arrondie et boutonn\u00e9e sur toute la hauteur devant. Plastron pliss\u00e9 devant et dos. \u00c9galement disponible dans d\u2019autres couleurs. D\u00e9tail : 45% coton, 55% viscose<\/p>\n","protected":false},"featured_media":707536,"comment_status":"open","ping_status":"closed","template":"","meta":[],"product_brand":[],"product_cat":[1756,1758],"product_tag":[2244],"acf":[],"_links":{"self":[{"href":"https:\/\/streetmarkets.fr\/app\/wp-json\/wp\/v2\/product\/707535"}],"collection":[{"href":"https:\/\/streetmarkets.fr\/app\/wp-json\/wp\/v2\/product"}],"about":[{"href":"https:\/\/streetmarkets.fr\/app\/wp-json\/wp\/v2\/types\/product"}],"replies":[{"embeddable":true,"href":"https:\/\/streetmarkets.fr\/app\/wp-json\/wp\/v2\/comments?post=707535"}],"wp:featuredmedia":[{"embeddable":true,"href":"https:\/\/streetmarkets.fr\/app\/wp-json\/wp\/v2\/media\/707536"}],"wp:attachment":[{"href":"https:\/\/streetmarkets.fr\/app\/wp-json\/wp\/v2\/media?parent=707535"}],"wp:term":[{"taxonomy":"product_brand","embeddable":true,"href":"https:\/\/streetmarkets.fr\/app\/wp-json\/wp\/v2\/product_brand?post=707535"},{"taxonomy":"product_cat","embeddable":true,"href":"https:\/\/streetmarkets.fr\/app\/wp-json\/wp\/v2\/product_cat?post=707535"},{"taxonomy":"product_tag","embeddable":true,"href":"https:\/\/streetmarkets.fr\/app\/wp-json\/wp\/v2\/product_tag?post=707535"}],"curies":[{"name":"wp","href":"https:\/\/api.w.org\/{rel}","templated":true}]}}