{"id":707528,"date":"2024-10-15T16:41:14","date_gmt":"2024-10-15T14:41:14","guid":{"rendered":"https:\/\/streetmarkets.fr\/app\/produit\/pantalon-varsovie-brownie-bellepiece-60\/"},"modified":"2026-05-09T02:01:34","modified_gmt":"2026-05-09T00:01:34","slug":"pantalon-varsovie-brownie-bellepiece-60","status":"publish","type":"product","link":"https:\/\/streetmarkets.fr\/app\/produit\/pantalon-varsovie-brownie-bellepiece-60\/","title":{"rendered":"BELLEPIECE Pantalon Varsovie Brownie -60%"},"content":{"rendered":"<p class=\"\">Pantalon velours coupe flare, jambe large, deux poches lat\u00e9rales et deux poches dos. \u00c9galement disponible dans la couleur Vino. <\/p>\n<p class=\"\">D\u00e9tail : 100% coton<\/p>\n","protected":false},"excerpt":{"rendered":"<p>Pantalon velours coupe flare, jambe large, deux poches lat\u00e9rales et deux poches dos. \u00c9galement disponible dans la couleur Vino. D\u00e9tail : 100% coton<\/p>\n","protected":false},"featured_media":707529,"comment_status":"open","ping_status":"closed","template":"","meta":[],"product_brand":[],"product_cat":[1756,1758],"product_tag":[2244],"acf":[],"_links":{"self":[{"href":"https:\/\/streetmarkets.fr\/app\/wp-json\/wp\/v2\/product\/707528"}],"collection":[{"href":"https:\/\/streetmarkets.fr\/app\/wp-json\/wp\/v2\/product"}],"about":[{"href":"https:\/\/streetmarkets.fr\/app\/wp-json\/wp\/v2\/types\/product"}],"replies":[{"embeddable":true,"href":"https:\/\/streetmarkets.fr\/app\/wp-json\/wp\/v2\/comments?post=707528"}],"wp:featuredmedia":[{"embeddable":true,"href":"https:\/\/streetmarkets.fr\/app\/wp-json\/wp\/v2\/media\/707529"}],"wp:attachment":[{"href":"https:\/\/streetmarkets.fr\/app\/wp-json\/wp\/v2\/media?parent=707528"}],"wp:term":[{"taxonomy":"product_brand","embeddable":true,"href":"https:\/\/streetmarkets.fr\/app\/wp-json\/wp\/v2\/product_brand?post=707528"},{"taxonomy":"product_cat","embeddable":true,"href":"https:\/\/streetmarkets.fr\/app\/wp-json\/wp\/v2\/product_cat?post=707528"},{"taxonomy":"product_tag","embeddable":true,"href":"https:\/\/streetmarkets.fr\/app\/wp-json\/wp\/v2\/product_tag?post=707528"}],"curies":[{"name":"wp","href":"https:\/\/api.w.org\/{rel}","templated":true}]}}