{"id":707513,"date":"2024-10-15T16:41:13","date_gmt":"2024-10-15T14:41:13","guid":{"rendered":"https:\/\/streetmarkets.fr\/app\/produit\/sac-nano-moon-fuchsia-vanessa-bruno-50\/"},"modified":"2025-09-17T02:03:27","modified_gmt":"2025-09-17T00:03:27","slug":"sac-nano-moon-fuchsia-vanessa-bruno-50","status":"publish","type":"product","link":"https:\/\/streetmarkets.fr\/app\/produit\/sac-nano-moon-fuchsia-vanessa-bruno-50\/","title":{"rendered":"VANESSA BRUNO Sac Nano Moon Fuchsia -40%"},"content":{"rendered":"<p class=\"\">Sac Nano Moon en laine \u00e0 motif de torsades, il pr\u00e9sente un compartiment  avec une poche plaqu\u00e9e et une cha\u00eene ajustable en m\u00e9tal dor\u00e9. il se ferme par un \u00e9l\u00e9gant fermoir dor\u00e9 et peut se porter en bandouli\u00e8re ou \u00e0 l\u2019\u00e9paule en doublant la chaine. Ses dimensions : longueur 17,5 cm, hauteur : 11 cm, et profondeur 4,5 cm, longueur total de la bandouli\u00e8re : 53 cm. \u00c9galement disponible dans la couleur Bleu canard et Cerise. <\/p>\n<p class=\"\">D\u00e9tail : 80% laine vierge, 20% polyamide, empi\u00e8cement en cuir v\u00e9ritable et doublure 100% coton. Chaine en m\u00e9tal dor\u00e9.<\/p>\n","protected":false},"excerpt":{"rendered":"<p>Sac Nano Moon en laine \u00e0 motif de torsades, il pr\u00e9sente un compartiment avec une poche plaqu\u00e9e et une cha\u00eene ajustable en m\u00e9tal dor\u00e9. il se ferme par un \u00e9l\u00e9gant fermoir dor\u00e9 et peut se porter en bandouli\u00e8re ou \u00e0 l\u2019\u00e9paule en doublant la chaine. Ses dimensions : longueur 17,5 cm, hauteur : 11 cm, [&hellip;]<\/p>\n","protected":false},"featured_media":707514,"comment_status":"open","ping_status":"closed","template":"","meta":[],"product_brand":[],"product_cat":[1756,1764],"product_tag":[2244],"acf":[],"_links":{"self":[{"href":"https:\/\/streetmarkets.fr\/app\/wp-json\/wp\/v2\/product\/707513"}],"collection":[{"href":"https:\/\/streetmarkets.fr\/app\/wp-json\/wp\/v2\/product"}],"about":[{"href":"https:\/\/streetmarkets.fr\/app\/wp-json\/wp\/v2\/types\/product"}],"replies":[{"embeddable":true,"href":"https:\/\/streetmarkets.fr\/app\/wp-json\/wp\/v2\/comments?post=707513"}],"wp:featuredmedia":[{"embeddable":true,"href":"https:\/\/streetmarkets.fr\/app\/wp-json\/wp\/v2\/media\/707514"}],"wp:attachment":[{"href":"https:\/\/streetmarkets.fr\/app\/wp-json\/wp\/v2\/media?parent=707513"}],"wp:term":[{"taxonomy":"product_brand","embeddable":true,"href":"https:\/\/streetmarkets.fr\/app\/wp-json\/wp\/v2\/product_brand?post=707513"},{"taxonomy":"product_cat","embeddable":true,"href":"https:\/\/streetmarkets.fr\/app\/wp-json\/wp\/v2\/product_cat?post=707513"},{"taxonomy":"product_tag","embeddable":true,"href":"https:\/\/streetmarkets.fr\/app\/wp-json\/wp\/v2\/product_tag?post=707513"}],"curies":[{"name":"wp","href":"https:\/\/api.w.org\/{rel}","templated":true}]}}