{"id":707453,"date":"2024-10-15T16:41:08","date_gmt":"2024-10-15T14:41:08","guid":{"rendered":"https:\/\/streetmarkets.fr\/app\/produit\/manteau-noelle-dark-grey-the-new-society-prix-braderie\/"},"modified":"2026-05-02T02:01:34","modified_gmt":"2026-05-02T00:01:34","slug":"manteau-noelle-dark-grey-the-new-society-prix-braderie","status":"publish","type":"product","link":"https:\/\/streetmarkets.fr\/app\/produit\/manteau-noelle-dark-grey-the-new-society-prix-braderie\/","title":{"rendered":"THE NEW SOCIETY Manteau Noelle Dark Grey -50%"},"content":{"rendered":"<p class=\"\">Manteau long en laine, coupe ample, manches longues, boutonnage crois\u00e9 devant et deux poches lat\u00e9rales.<\/p>\n<p class=\"\">D\u00e9tail : 70% laine, 15% nylon, 15% polyester.<\/p>\n","protected":false},"excerpt":{"rendered":"<p>Manteau long en laine, coupe ample, manches longues, boutonnage crois\u00e9 devant et deux poches lat\u00e9rales. D\u00e9tail : 70% laine, 15% nylon, 15% polyester.<\/p>\n","protected":false},"featured_media":707454,"comment_status":"open","ping_status":"closed","template":"","meta":[],"product_brand":[],"product_cat":[1756,1758],"product_tag":[2244],"acf":[],"_links":{"self":[{"href":"https:\/\/streetmarkets.fr\/app\/wp-json\/wp\/v2\/product\/707453"}],"collection":[{"href":"https:\/\/streetmarkets.fr\/app\/wp-json\/wp\/v2\/product"}],"about":[{"href":"https:\/\/streetmarkets.fr\/app\/wp-json\/wp\/v2\/types\/product"}],"replies":[{"embeddable":true,"href":"https:\/\/streetmarkets.fr\/app\/wp-json\/wp\/v2\/comments?post=707453"}],"wp:featuredmedia":[{"embeddable":true,"href":"https:\/\/streetmarkets.fr\/app\/wp-json\/wp\/v2\/media\/707454"}],"wp:attachment":[{"href":"https:\/\/streetmarkets.fr\/app\/wp-json\/wp\/v2\/media?parent=707453"}],"wp:term":[{"taxonomy":"product_brand","embeddable":true,"href":"https:\/\/streetmarkets.fr\/app\/wp-json\/wp\/v2\/product_brand?post=707453"},{"taxonomy":"product_cat","embeddable":true,"href":"https:\/\/streetmarkets.fr\/app\/wp-json\/wp\/v2\/product_cat?post=707453"},{"taxonomy":"product_tag","embeddable":true,"href":"https:\/\/streetmarkets.fr\/app\/wp-json\/wp\/v2\/product_tag?post=707453"}],"curies":[{"name":"wp","href":"https:\/\/api.w.org\/{rel}","templated":true}]}}