{"id":707417,"date":"2024-10-15T16:41:05","date_gmt":"2024-10-15T14:41:05","guid":{"rendered":"https:\/\/streetmarkets.fr\/app\/produit\/ballerines-velours-space-blue-the-new-society-50\/"},"modified":"2026-01-21T01:02:25","modified_gmt":"2026-01-21T00:02:25","slug":"ballerines-velours-space-blue-the-new-society-50","status":"publish","type":"product","link":"https:\/\/streetmarkets.fr\/app\/produit\/ballerines-velours-space-blue-the-new-society-50\/","title":{"rendered":"THE NEW SOCIETY Ballerines Velours Space Blue -50%"},"content":{"rendered":"<p class=\"\">Ballerines souples en velours \u00e0 bouts arrondies, petit noeud sur le dessus devant, \u00e9galement disponible en rose.<\/p>\n<p class=\"\">D\u00e9tail : 100% polyester<\/p>\n","protected":false},"excerpt":{"rendered":"<p>Ballerines souples en velours \u00e0 bouts arrondies, petit noeud sur le dessus devant, \u00e9galement disponible en rose. D\u00e9tail : 100% polyester<\/p>\n","protected":false},"featured_media":707418,"comment_status":"open","ping_status":"closed","template":"","meta":[],"product_brand":[],"product_cat":[1756,1763],"product_tag":[2244],"acf":[],"_links":{"self":[{"href":"https:\/\/streetmarkets.fr\/app\/wp-json\/wp\/v2\/product\/707417"}],"collection":[{"href":"https:\/\/streetmarkets.fr\/app\/wp-json\/wp\/v2\/product"}],"about":[{"href":"https:\/\/streetmarkets.fr\/app\/wp-json\/wp\/v2\/types\/product"}],"replies":[{"embeddable":true,"href":"https:\/\/streetmarkets.fr\/app\/wp-json\/wp\/v2\/comments?post=707417"}],"wp:featuredmedia":[{"embeddable":true,"href":"https:\/\/streetmarkets.fr\/app\/wp-json\/wp\/v2\/media\/707418"}],"wp:attachment":[{"href":"https:\/\/streetmarkets.fr\/app\/wp-json\/wp\/v2\/media?parent=707417"}],"wp:term":[{"taxonomy":"product_brand","embeddable":true,"href":"https:\/\/streetmarkets.fr\/app\/wp-json\/wp\/v2\/product_brand?post=707417"},{"taxonomy":"product_cat","embeddable":true,"href":"https:\/\/streetmarkets.fr\/app\/wp-json\/wp\/v2\/product_cat?post=707417"},{"taxonomy":"product_tag","embeddable":true,"href":"https:\/\/streetmarkets.fr\/app\/wp-json\/wp\/v2\/product_tag?post=707417"}],"curies":[{"name":"wp","href":"https:\/\/api.w.org\/{rel}","templated":true}]}}