{"id":707409,"date":"2024-10-15T16:41:05","date_gmt":"2024-10-15T14:41:05","guid":{"rendered":"https:\/\/streetmarkets.fr\/app\/produit\/veste-rene-beach-wash-the-new-society-50\/"},"modified":"2026-05-02T02:01:33","modified_gmt":"2026-05-02T00:01:33","slug":"veste-rene-beach-wash-the-new-society-50","status":"publish","type":"product","link":"https:\/\/streetmarkets.fr\/app\/produit\/veste-rene-beach-wash-the-new-society-50\/","title":{"rendered":"THE NEW SOCIETY Veste Rene Beach Wash -50%"},"content":{"rendered":"<p class=\"\">Veste en denim effet d\u00e9lav\u00e9, coupe ample, manches longues et emmanchure large. Poignets resserr\u00e9s, deux poches devant.<\/p>\n<p class=\"\">D\u00e9tail : 100% coton<\/p>\n","protected":false},"excerpt":{"rendered":"<p>Veste en denim effet d\u00e9lav\u00e9, coupe ample, manches longues et emmanchure large. Poignets resserr\u00e9s, deux poches devant. D\u00e9tail : 100% coton<\/p>\n","protected":false},"featured_media":707410,"comment_status":"open","ping_status":"closed","template":"","meta":[],"product_brand":[],"product_cat":[1756,1758],"product_tag":[2244],"acf":[],"_links":{"self":[{"href":"https:\/\/streetmarkets.fr\/app\/wp-json\/wp\/v2\/product\/707409"}],"collection":[{"href":"https:\/\/streetmarkets.fr\/app\/wp-json\/wp\/v2\/product"}],"about":[{"href":"https:\/\/streetmarkets.fr\/app\/wp-json\/wp\/v2\/types\/product"}],"replies":[{"embeddable":true,"href":"https:\/\/streetmarkets.fr\/app\/wp-json\/wp\/v2\/comments?post=707409"}],"wp:featuredmedia":[{"embeddable":true,"href":"https:\/\/streetmarkets.fr\/app\/wp-json\/wp\/v2\/media\/707410"}],"wp:attachment":[{"href":"https:\/\/streetmarkets.fr\/app\/wp-json\/wp\/v2\/media?parent=707409"}],"wp:term":[{"taxonomy":"product_brand","embeddable":true,"href":"https:\/\/streetmarkets.fr\/app\/wp-json\/wp\/v2\/product_brand?post=707409"},{"taxonomy":"product_cat","embeddable":true,"href":"https:\/\/streetmarkets.fr\/app\/wp-json\/wp\/v2\/product_cat?post=707409"},{"taxonomy":"product_tag","embeddable":true,"href":"https:\/\/streetmarkets.fr\/app\/wp-json\/wp\/v2\/product_tag?post=707409"}],"curies":[{"name":"wp","href":"https:\/\/api.w.org\/{rel}","templated":true}]}}