{"id":707385,"date":"2024-10-15T16:41:03","date_gmt":"2024-10-15T14:41:03","guid":{"rendered":"https:\/\/streetmarkets.fr\/app\/produit\/jean-mildred-light-denim-masscob-50\/"},"modified":"2025-09-17T02:03:25","modified_gmt":"2025-09-17T00:03:25","slug":"jean-mildred-light-denim-masscob-50","status":"publish","type":"product","link":"https:\/\/streetmarkets.fr\/app\/produit\/jean-mildred-light-denim-masscob-50\/","title":{"rendered":"MASSCOB Jean Mildred Light Denim -50%"},"content":{"rendered":"<p class=\"\">Jean coupe flare en coton et lin, deux poches lat\u00e9rales, deux poches plaqu\u00e9es dos. <\/p>\n<p class=\"\">D\u00e9tail : 62% coton, 38% lin ( Japon ) <\/p>\n","protected":false},"excerpt":{"rendered":"<p>Jean coupe flare en coton et lin, deux poches lat\u00e9rales, deux poches plaqu\u00e9es dos. D\u00e9tail : 62% coton, 38% lin ( Japon )<\/p>\n","protected":false},"featured_media":707386,"comment_status":"open","ping_status":"closed","template":"","meta":[],"product_brand":[],"product_cat":[1756,1758],"product_tag":[2244],"acf":[],"_links":{"self":[{"href":"https:\/\/streetmarkets.fr\/app\/wp-json\/wp\/v2\/product\/707385"}],"collection":[{"href":"https:\/\/streetmarkets.fr\/app\/wp-json\/wp\/v2\/product"}],"about":[{"href":"https:\/\/streetmarkets.fr\/app\/wp-json\/wp\/v2\/types\/product"}],"replies":[{"embeddable":true,"href":"https:\/\/streetmarkets.fr\/app\/wp-json\/wp\/v2\/comments?post=707385"}],"wp:featuredmedia":[{"embeddable":true,"href":"https:\/\/streetmarkets.fr\/app\/wp-json\/wp\/v2\/media\/707386"}],"wp:attachment":[{"href":"https:\/\/streetmarkets.fr\/app\/wp-json\/wp\/v2\/media?parent=707385"}],"wp:term":[{"taxonomy":"product_brand","embeddable":true,"href":"https:\/\/streetmarkets.fr\/app\/wp-json\/wp\/v2\/product_brand?post=707385"},{"taxonomy":"product_cat","embeddable":true,"href":"https:\/\/streetmarkets.fr\/app\/wp-json\/wp\/v2\/product_cat?post=707385"},{"taxonomy":"product_tag","embeddable":true,"href":"https:\/\/streetmarkets.fr\/app\/wp-json\/wp\/v2\/product_tag?post=707385"}],"curies":[{"name":"wp","href":"https:\/\/api.w.org\/{rel}","templated":true}]}}