{"id":707377,"date":"2024-10-15T16:41:02","date_gmt":"2024-10-15T14:41:02","guid":{"rendered":"https:\/\/streetmarkets.fr\/app\/produit\/robe-kinneloa-lavande-masscob-40\/"},"modified":"2025-09-17T02:03:24","modified_gmt":"2025-09-17T00:03:24","slug":"robe-kinneloa-lavande-masscob-40","status":"publish","type":"product","link":"https:\/\/streetmarkets.fr\/app\/produit\/robe-kinneloa-lavande-masscob-40\/","title":{"rendered":"MASSCOB Robe Kinneloa Lavande -40%"},"content":{"rendered":"<p class=\"\">Robe longue en lin, coupe ample, encolure v, manches 3\/4, emmanchure large. deux poches lat\u00e9rales, pliss\u00e9 devant et sur les manches. <\/p>\n<p class=\"\">D\u00e9tail : 90% lin, 10% polyamide<\/p>\n","protected":false},"excerpt":{"rendered":"<p>Robe longue en lin, coupe ample, encolure v, manches 3\/4, emmanchure large. deux poches lat\u00e9rales, pliss\u00e9 devant et sur les manches. D\u00e9tail : 90% lin, 10% polyamide<\/p>\n","protected":false},"featured_media":707378,"comment_status":"open","ping_status":"closed","template":"","meta":[],"product_brand":[],"product_cat":[1756,1758],"product_tag":[2244],"acf":[],"_links":{"self":[{"href":"https:\/\/streetmarkets.fr\/app\/wp-json\/wp\/v2\/product\/707377"}],"collection":[{"href":"https:\/\/streetmarkets.fr\/app\/wp-json\/wp\/v2\/product"}],"about":[{"href":"https:\/\/streetmarkets.fr\/app\/wp-json\/wp\/v2\/types\/product"}],"replies":[{"embeddable":true,"href":"https:\/\/streetmarkets.fr\/app\/wp-json\/wp\/v2\/comments?post=707377"}],"wp:featuredmedia":[{"embeddable":true,"href":"https:\/\/streetmarkets.fr\/app\/wp-json\/wp\/v2\/media\/707378"}],"wp:attachment":[{"href":"https:\/\/streetmarkets.fr\/app\/wp-json\/wp\/v2\/media?parent=707377"}],"wp:term":[{"taxonomy":"product_brand","embeddable":true,"href":"https:\/\/streetmarkets.fr\/app\/wp-json\/wp\/v2\/product_brand?post=707377"},{"taxonomy":"product_cat","embeddable":true,"href":"https:\/\/streetmarkets.fr\/app\/wp-json\/wp\/v2\/product_cat?post=707377"},{"taxonomy":"product_tag","embeddable":true,"href":"https:\/\/streetmarkets.fr\/app\/wp-json\/wp\/v2\/product_tag?post=707377"}],"curies":[{"name":"wp","href":"https:\/\/api.w.org\/{rel}","templated":true}]}}