{"id":707368,"date":"2024-10-15T16:41:01","date_gmt":"2024-10-15T14:41:01","guid":{"rendered":"https:\/\/streetmarkets.fr\/app\/produit\/blouse-dana-sorbet-masscob-60\/"},"modified":"2025-02-26T01:00:33","modified_gmt":"2025-02-26T00:00:33","slug":"blouse-dana-sorbet-masscob-60","status":"publish","type":"product","link":"https:\/\/streetmarkets.fr\/app\/produit\/blouse-dana-sorbet-masscob-60\/","title":{"rendered":"MASSCOB Blouse Dana Sorbet -50%"},"content":{"rendered":"<p class=\"\">Blouse en coton et soie, coupe ample, encolure arrondie, manches courtes, boutonn\u00e9e dans le dos, douce et fluide. Sur la photo le mod\u00e8le porte la blouse avec la jupe Alondra Sorbet. <\/p>\n<p class=\"\">D\u00e9tail : 49% soie, 51% coton<\/p>\n","protected":false},"excerpt":{"rendered":"<p>Blouse en coton et soie, coupe ample, encolure arrondie, manches courtes, boutonn\u00e9e dans le dos, douce et fluide. Sur la photo le mod\u00e8le porte la blouse avec la jupe Alondra Sorbet. D\u00e9tail : 49% soie, 51% coton<\/p>\n","protected":false},"featured_media":707369,"comment_status":"open","ping_status":"closed","template":"","meta":[],"product_brand":[],"product_cat":[1756,1758],"product_tag":[2244],"acf":[],"_links":{"self":[{"href":"https:\/\/streetmarkets.fr\/app\/wp-json\/wp\/v2\/product\/707368"}],"collection":[{"href":"https:\/\/streetmarkets.fr\/app\/wp-json\/wp\/v2\/product"}],"about":[{"href":"https:\/\/streetmarkets.fr\/app\/wp-json\/wp\/v2\/types\/product"}],"replies":[{"embeddable":true,"href":"https:\/\/streetmarkets.fr\/app\/wp-json\/wp\/v2\/comments?post=707368"}],"wp:featuredmedia":[{"embeddable":true,"href":"https:\/\/streetmarkets.fr\/app\/wp-json\/wp\/v2\/media\/707369"}],"wp:attachment":[{"href":"https:\/\/streetmarkets.fr\/app\/wp-json\/wp\/v2\/media?parent=707368"}],"wp:term":[{"taxonomy":"product_brand","embeddable":true,"href":"https:\/\/streetmarkets.fr\/app\/wp-json\/wp\/v2\/product_brand?post=707368"},{"taxonomy":"product_cat","embeddable":true,"href":"https:\/\/streetmarkets.fr\/app\/wp-json\/wp\/v2\/product_cat?post=707368"},{"taxonomy":"product_tag","embeddable":true,"href":"https:\/\/streetmarkets.fr\/app\/wp-json\/wp\/v2\/product_tag?post=707368"}],"curies":[{"name":"wp","href":"https:\/\/api.w.org\/{rel}","templated":true}]}}