{"id":707341,"date":"2024-10-15T16:40:59","date_gmt":"2024-10-15T14:40:59","guid":{"rendered":"https:\/\/streetmarkets.fr\/app\/produit\/gilet-valent-aqua-masscob-50\/"},"modified":"2025-09-17T02:03:24","modified_gmt":"2025-09-17T00:03:24","slug":"gilet-valent-aqua-masscob-50","status":"publish","type":"product","link":"https:\/\/streetmarkets.fr\/app\/produit\/gilet-valent-aqua-masscob-50\/","title":{"rendered":"MASSCOB Gilet Valent Aqua -50%"},"content":{"rendered":"<p class=\"\">Le gilet culte de MASSCOB, gilet crop, manches 3\/4 bouffantes, poignets resserr\u00e9s, emmanchure large, \u00e9galement disponible dans la couleur Iced Cherry. Tout doux et chaud.<\/p>\n<p class=\"\">D\u00e9tail : 65% superkid mohair, 32% polyamide, 3% extra fine m\u00e9rinos<\/p>\n","protected":false},"excerpt":{"rendered":"<p>Le gilet culte de MASSCOB, gilet crop, manches 3\/4 bouffantes, poignets resserr\u00e9s, emmanchure large, \u00e9galement disponible dans la couleur Iced Cherry. Tout doux et chaud. D\u00e9tail : 65% superkid mohair, 32% polyamide, 3% extra fine m\u00e9rinos<\/p>\n","protected":false},"featured_media":707342,"comment_status":"open","ping_status":"closed","template":"","meta":[],"product_brand":[],"product_cat":[1756,1758],"product_tag":[2244],"acf":[],"_links":{"self":[{"href":"https:\/\/streetmarkets.fr\/app\/wp-json\/wp\/v2\/product\/707341"}],"collection":[{"href":"https:\/\/streetmarkets.fr\/app\/wp-json\/wp\/v2\/product"}],"about":[{"href":"https:\/\/streetmarkets.fr\/app\/wp-json\/wp\/v2\/types\/product"}],"replies":[{"embeddable":true,"href":"https:\/\/streetmarkets.fr\/app\/wp-json\/wp\/v2\/comments?post=707341"}],"wp:featuredmedia":[{"embeddable":true,"href":"https:\/\/streetmarkets.fr\/app\/wp-json\/wp\/v2\/media\/707342"}],"wp:attachment":[{"href":"https:\/\/streetmarkets.fr\/app\/wp-json\/wp\/v2\/media?parent=707341"}],"wp:term":[{"taxonomy":"product_brand","embeddable":true,"href":"https:\/\/streetmarkets.fr\/app\/wp-json\/wp\/v2\/product_brand?post=707341"},{"taxonomy":"product_cat","embeddable":true,"href":"https:\/\/streetmarkets.fr\/app\/wp-json\/wp\/v2\/product_cat?post=707341"},{"taxonomy":"product_tag","embeddable":true,"href":"https:\/\/streetmarkets.fr\/app\/wp-json\/wp\/v2\/product_tag?post=707341"}],"curies":[{"name":"wp","href":"https:\/\/api.w.org\/{rel}","templated":true}]}}