{"id":707334,"date":"2024-10-15T16:40:58","date_gmt":"2024-10-15T14:40:58","guid":{"rendered":"https:\/\/streetmarkets.fr\/app\/produit\/jupe-castine-amethyste-masscob-50\/"},"modified":"2025-02-26T01:00:33","modified_gmt":"2025-02-26T00:00:33","slug":"jupe-castine-amethyste-masscob-50","status":"publish","type":"product","link":"https:\/\/streetmarkets.fr\/app\/produit\/jupe-castine-amethyste-masscob-50\/","title":{"rendered":"MASSCOB Jupe Castine Am\u00e9thyste -50%"},"content":{"rendered":"<p class=\"\">Jupe longue en lin, taille haute, boutonn\u00e9e sur toute la hauteur devant, deux poches plaqu\u00e9es devant, \u00e9galement disponible dans la couleur Infinite Blue.<\/p>\n<p class=\"\">D\u00e9tail : 100% lin<\/p>\n","protected":false},"excerpt":{"rendered":"<p>Jupe longue en lin, taille haute, boutonn\u00e9e sur toute la hauteur devant, deux poches plaqu\u00e9es devant, \u00e9galement disponible dans la couleur Infinite Blue. D\u00e9tail : 100% lin<\/p>\n","protected":false},"featured_media":707335,"comment_status":"open","ping_status":"closed","template":"","meta":[],"product_brand":[],"product_cat":[1756,1758],"product_tag":[2244],"acf":[],"_links":{"self":[{"href":"https:\/\/streetmarkets.fr\/app\/wp-json\/wp\/v2\/product\/707334"}],"collection":[{"href":"https:\/\/streetmarkets.fr\/app\/wp-json\/wp\/v2\/product"}],"about":[{"href":"https:\/\/streetmarkets.fr\/app\/wp-json\/wp\/v2\/types\/product"}],"replies":[{"embeddable":true,"href":"https:\/\/streetmarkets.fr\/app\/wp-json\/wp\/v2\/comments?post=707334"}],"wp:featuredmedia":[{"embeddable":true,"href":"https:\/\/streetmarkets.fr\/app\/wp-json\/wp\/v2\/media\/707335"}],"wp:attachment":[{"href":"https:\/\/streetmarkets.fr\/app\/wp-json\/wp\/v2\/media?parent=707334"}],"wp:term":[{"taxonomy":"product_brand","embeddable":true,"href":"https:\/\/streetmarkets.fr\/app\/wp-json\/wp\/v2\/product_brand?post=707334"},{"taxonomy":"product_cat","embeddable":true,"href":"https:\/\/streetmarkets.fr\/app\/wp-json\/wp\/v2\/product_cat?post=707334"},{"taxonomy":"product_tag","embeddable":true,"href":"https:\/\/streetmarkets.fr\/app\/wp-json\/wp\/v2\/product_tag?post=707334"}],"curies":[{"name":"wp","href":"https:\/\/api.w.org\/{rel}","templated":true}]}}