{"id":707324,"date":"2024-10-15T16:40:25","date_gmt":"2024-10-15T14:40:25","guid":{"rendered":"https:\/\/streetmarkets.fr\/app\/produit\/jupe-azusa-berry-stains-masscob-50\/"},"modified":"2025-09-17T02:03:24","modified_gmt":"2025-09-17T00:03:24","slug":"jupe-azusa-berry-stains-masscob-50","status":"publish","type":"product","link":"https:\/\/streetmarkets.fr\/app\/produit\/jupe-azusa-berry-stains-masscob-50\/","title":{"rendered":"MASSCOB Jupe Azusa Berry Stains -50%"},"content":{"rendered":"<p class=\"\">Jupe longue taille haute \u00e0 motif floral, douce et fluide. Sur la photo le mod\u00e8le porte la jupe avec la blouse Elyria Berry Stains. <\/p>\n<p class=\"\">D\u00e9tail : 54% soie, 46% laine<\/p>\n","protected":false},"excerpt":{"rendered":"<p>Jupe longue taille haute \u00e0 motif floral, douce et fluide. Sur la photo le mod\u00e8le porte la jupe avec la blouse Elyria Berry Stains. D\u00e9tail : 54% soie, 46% laine<\/p>\n","protected":false},"featured_media":707325,"comment_status":"open","ping_status":"closed","template":"","meta":[],"product_brand":[],"product_cat":[1756,1758],"product_tag":[2244],"acf":[],"_links":{"self":[{"href":"https:\/\/streetmarkets.fr\/app\/wp-json\/wp\/v2\/product\/707324"}],"collection":[{"href":"https:\/\/streetmarkets.fr\/app\/wp-json\/wp\/v2\/product"}],"about":[{"href":"https:\/\/streetmarkets.fr\/app\/wp-json\/wp\/v2\/types\/product"}],"replies":[{"embeddable":true,"href":"https:\/\/streetmarkets.fr\/app\/wp-json\/wp\/v2\/comments?post=707324"}],"wp:featuredmedia":[{"embeddable":true,"href":"https:\/\/streetmarkets.fr\/app\/wp-json\/wp\/v2\/media\/707325"}],"wp:attachment":[{"href":"https:\/\/streetmarkets.fr\/app\/wp-json\/wp\/v2\/media?parent=707324"}],"wp:term":[{"taxonomy":"product_brand","embeddable":true,"href":"https:\/\/streetmarkets.fr\/app\/wp-json\/wp\/v2\/product_brand?post=707324"},{"taxonomy":"product_cat","embeddable":true,"href":"https:\/\/streetmarkets.fr\/app\/wp-json\/wp\/v2\/product_cat?post=707324"},{"taxonomy":"product_tag","embeddable":true,"href":"https:\/\/streetmarkets.fr\/app\/wp-json\/wp\/v2\/product_tag?post=707324"}],"curies":[{"name":"wp","href":"https:\/\/api.w.org\/{rel}","templated":true}]}}