{"id":707313,"date":"2024-10-15T16:40:25","date_gmt":"2024-10-15T14:40:25","guid":{"rendered":"https:\/\/streetmarkets.fr\/app\/produit\/jupe-castine-infinite-blue-masscob-50\/"},"modified":"2026-01-21T01:02:24","modified_gmt":"2026-01-21T00:02:24","slug":"jupe-castine-infinite-blue-masscob-50","status":"publish","type":"product","link":"https:\/\/streetmarkets.fr\/app\/produit\/jupe-castine-infinite-blue-masscob-50\/","title":{"rendered":"MASSCOB Jupe Castine Infinite Blue -50%"},"content":{"rendered":"<p class=\"\">Jupe longue en lin, taille haute, boutonn\u00e9e sur toute la hauteur devant, deux poches plaqu\u00e9es devant, \u00e9galement disponible dans la couleur Am\u00e9thyste. Sur la photo le mod\u00e8le porte la jupe avec le pull Capay Natural. <\/p>\n<p class=\"\">D\u00e9tail : 100% lin <\/p>\n","protected":false},"excerpt":{"rendered":"<p>Jupe longue en lin, taille haute, boutonn\u00e9e sur toute la hauteur devant, deux poches plaqu\u00e9es devant, \u00e9galement disponible dans la couleur Am\u00e9thyste. Sur la photo le mod\u00e8le porte la jupe avec le pull Capay Natural. D\u00e9tail : 100% lin<\/p>\n","protected":false},"featured_media":707314,"comment_status":"open","ping_status":"closed","template":"","meta":[],"product_brand":[],"product_cat":[1756,1758],"product_tag":[2244],"acf":[],"_links":{"self":[{"href":"https:\/\/streetmarkets.fr\/app\/wp-json\/wp\/v2\/product\/707313"}],"collection":[{"href":"https:\/\/streetmarkets.fr\/app\/wp-json\/wp\/v2\/product"}],"about":[{"href":"https:\/\/streetmarkets.fr\/app\/wp-json\/wp\/v2\/types\/product"}],"replies":[{"embeddable":true,"href":"https:\/\/streetmarkets.fr\/app\/wp-json\/wp\/v2\/comments?post=707313"}],"wp:featuredmedia":[{"embeddable":true,"href":"https:\/\/streetmarkets.fr\/app\/wp-json\/wp\/v2\/media\/707314"}],"wp:attachment":[{"href":"https:\/\/streetmarkets.fr\/app\/wp-json\/wp\/v2\/media?parent=707313"}],"wp:term":[{"taxonomy":"product_brand","embeddable":true,"href":"https:\/\/streetmarkets.fr\/app\/wp-json\/wp\/v2\/product_brand?post=707313"},{"taxonomy":"product_cat","embeddable":true,"href":"https:\/\/streetmarkets.fr\/app\/wp-json\/wp\/v2\/product_cat?post=707313"},{"taxonomy":"product_tag","embeddable":true,"href":"https:\/\/streetmarkets.fr\/app\/wp-json\/wp\/v2\/product_tag?post=707313"}],"curies":[{"name":"wp","href":"https:\/\/api.w.org\/{rel}","templated":true}]}}