{"id":707304,"date":"2024-10-15T16:40:24","date_gmt":"2024-10-15T14:40:24","guid":{"rendered":"https:\/\/streetmarkets.fr\/app\/produit\/short-moore-seashell-masscob-50\/"},"modified":"2026-05-09T02:01:34","modified_gmt":"2026-05-09T00:01:34","slug":"short-moore-seashell-masscob-50","status":"publish","type":"product","link":"https:\/\/streetmarkets.fr\/app\/produit\/short-moore-seashell-masscob-50\/","title":{"rendered":"MASSCOB Short Moore Seashell -50%"},"content":{"rendered":"<p class=\"\">Short en coton, soie et lin, coupe ample et droite, taille \u00e9lastique et pliss\u00e9, deux poches lat\u00e9rales. <\/p>\n<p class=\"\">D\u00e9tail : 44% coton, 34% soie, 22% lin<\/p>\n","protected":false},"excerpt":{"rendered":"<p>Short en coton, soie et lin, coupe ample et droite, taille \u00e9lastique et pliss\u00e9, deux poches lat\u00e9rales. D\u00e9tail : 44% coton, 34% soie, 22% lin<\/p>\n","protected":false},"featured_media":707305,"comment_status":"open","ping_status":"closed","template":"","meta":[],"product_brand":[],"product_cat":[1756,1758],"product_tag":[2244],"acf":[],"_links":{"self":[{"href":"https:\/\/streetmarkets.fr\/app\/wp-json\/wp\/v2\/product\/707304"}],"collection":[{"href":"https:\/\/streetmarkets.fr\/app\/wp-json\/wp\/v2\/product"}],"about":[{"href":"https:\/\/streetmarkets.fr\/app\/wp-json\/wp\/v2\/types\/product"}],"replies":[{"embeddable":true,"href":"https:\/\/streetmarkets.fr\/app\/wp-json\/wp\/v2\/comments?post=707304"}],"wp:featuredmedia":[{"embeddable":true,"href":"https:\/\/streetmarkets.fr\/app\/wp-json\/wp\/v2\/media\/707305"}],"wp:attachment":[{"href":"https:\/\/streetmarkets.fr\/app\/wp-json\/wp\/v2\/media?parent=707304"}],"wp:term":[{"taxonomy":"product_brand","embeddable":true,"href":"https:\/\/streetmarkets.fr\/app\/wp-json\/wp\/v2\/product_brand?post=707304"},{"taxonomy":"product_cat","embeddable":true,"href":"https:\/\/streetmarkets.fr\/app\/wp-json\/wp\/v2\/product_cat?post=707304"},{"taxonomy":"product_tag","embeddable":true,"href":"https:\/\/streetmarkets.fr\/app\/wp-json\/wp\/v2\/product_tag?post=707304"}],"curies":[{"name":"wp","href":"https:\/\/api.w.org\/{rel}","templated":true}]}}