{"id":707246,"date":"2024-10-15T16:40:20","date_gmt":"2024-10-15T14:40:20","guid":{"rendered":"https:\/\/streetmarkets.fr\/app\/produit\/blouse-roya-oyster-masscob-40\/"},"modified":"2025-09-17T02:02:13","modified_gmt":"2025-09-17T00:02:13","slug":"blouse-roya-oyster-masscob-40","status":"publish","type":"product","link":"https:\/\/streetmarkets.fr\/app\/produit\/blouse-roya-oyster-masscob-40\/","title":{"rendered":"MASSCOB Blouse Roya Oyster -40%"},"content":{"rendered":"<p class=\"\">Blouse en lin, coupe ample et droite, encolure V, manches 3\/4, pliss\u00e9 devant et dos.  \u00c9galement disponible dans la couleur Iced Mint.<\/p>\n<p class=\"\">D\u00e9tail : 90% lin, 10% polyamide<\/p>\n","protected":false},"excerpt":{"rendered":"<p>Blouse en lin, coupe ample et droite, encolure V, manches 3\/4, pliss\u00e9 devant et dos. \u00c9galement disponible dans la couleur Iced Mint. D\u00e9tail : 90% lin, 10% polyamide<\/p>\n","protected":false},"featured_media":707247,"comment_status":"open","ping_status":"closed","template":"","meta":[],"product_brand":[],"product_cat":[1756,1758],"product_tag":[2244],"acf":[],"_links":{"self":[{"href":"https:\/\/streetmarkets.fr\/app\/wp-json\/wp\/v2\/product\/707246"}],"collection":[{"href":"https:\/\/streetmarkets.fr\/app\/wp-json\/wp\/v2\/product"}],"about":[{"href":"https:\/\/streetmarkets.fr\/app\/wp-json\/wp\/v2\/types\/product"}],"replies":[{"embeddable":true,"href":"https:\/\/streetmarkets.fr\/app\/wp-json\/wp\/v2\/comments?post=707246"}],"wp:featuredmedia":[{"embeddable":true,"href":"https:\/\/streetmarkets.fr\/app\/wp-json\/wp\/v2\/media\/707247"}],"wp:attachment":[{"href":"https:\/\/streetmarkets.fr\/app\/wp-json\/wp\/v2\/media?parent=707246"}],"wp:term":[{"taxonomy":"product_brand","embeddable":true,"href":"https:\/\/streetmarkets.fr\/app\/wp-json\/wp\/v2\/product_brand?post=707246"},{"taxonomy":"product_cat","embeddable":true,"href":"https:\/\/streetmarkets.fr\/app\/wp-json\/wp\/v2\/product_cat?post=707246"},{"taxonomy":"product_tag","embeddable":true,"href":"https:\/\/streetmarkets.fr\/app\/wp-json\/wp\/v2\/product_tag?post=707246"}],"curies":[{"name":"wp","href":"https:\/\/api.w.org\/{rel}","templated":true}]}}