{"id":707236,"date":"2024-10-15T16:40:19","date_gmt":"2024-10-15T14:40:19","guid":{"rendered":"https:\/\/streetmarkets.fr\/app\/produit\/pantalon-corbin-light-blue-xirena-50\/"},"modified":"2025-04-23T02:01:36","modified_gmt":"2025-04-23T00:01:36","slug":"pantalon-corbin-light-blue-xirena-50","status":"publish","type":"product","link":"https:\/\/streetmarkets.fr\/app\/produit\/pantalon-corbin-light-blue-xirena-50\/","title":{"rendered":"XIRENA Jean Corbin Light Blue -50%"},"content":{"rendered":"<p class=\"\">Jean coupe flare, deux poches lat\u00e9rales, deux poches plaqu\u00e9es dos. <\/p>\n<p class=\"\">D\u00e9tail : 100% coton<\/p>\n","protected":false},"excerpt":{"rendered":"<p>Jean coupe flare, deux poches lat\u00e9rales, deux poches plaqu\u00e9es dos. D\u00e9tail : 100% coton<\/p>\n","protected":false},"featured_media":707237,"comment_status":"open","ping_status":"closed","template":"","meta":[],"product_brand":[],"product_cat":[1756,1758],"product_tag":[2244],"acf":[],"_links":{"self":[{"href":"https:\/\/streetmarkets.fr\/app\/wp-json\/wp\/v2\/product\/707236"}],"collection":[{"href":"https:\/\/streetmarkets.fr\/app\/wp-json\/wp\/v2\/product"}],"about":[{"href":"https:\/\/streetmarkets.fr\/app\/wp-json\/wp\/v2\/types\/product"}],"replies":[{"embeddable":true,"href":"https:\/\/streetmarkets.fr\/app\/wp-json\/wp\/v2\/comments?post=707236"}],"wp:featuredmedia":[{"embeddable":true,"href":"https:\/\/streetmarkets.fr\/app\/wp-json\/wp\/v2\/media\/707237"}],"wp:attachment":[{"href":"https:\/\/streetmarkets.fr\/app\/wp-json\/wp\/v2\/media?parent=707236"}],"wp:term":[{"taxonomy":"product_brand","embeddable":true,"href":"https:\/\/streetmarkets.fr\/app\/wp-json\/wp\/v2\/product_brand?post=707236"},{"taxonomy":"product_cat","embeddable":true,"href":"https:\/\/streetmarkets.fr\/app\/wp-json\/wp\/v2\/product_cat?post=707236"},{"taxonomy":"product_tag","embeddable":true,"href":"https:\/\/streetmarkets.fr\/app\/wp-json\/wp\/v2\/product_tag?post=707236"}],"curies":[{"name":"wp","href":"https:\/\/api.w.org\/{rel}","templated":true}]}}