{"id":707212,"date":"2024-10-15T16:40:17","date_gmt":"2024-10-15T14:40:17","guid":{"rendered":"https:\/\/streetmarkets.fr\/app\/produit\/pantalon-draper-mulberry-petal-xirena-50\/"},"modified":"2026-04-20T02:01:21","modified_gmt":"2026-04-20T00:01:21","slug":"pantalon-draper-mulberry-petal-xirena-50","status":"publish","type":"product","link":"https:\/\/streetmarkets.fr\/app\/produit\/pantalon-draper-mulberry-petal-xirena-50\/","title":{"rendered":"XIRENA Pantalon Draper Mulberry Petal -50%"},"content":{"rendered":"<p class=\"\">Pantalon en coton \u00e0 motif floral, coupe ample et confortable taille \u00e9lastique et lien \u00e0 nouer, deux poches lat\u00e9rales.<\/p>\n<p class=\"\">D\u00e9tail : 100% coton<\/p>\n","protected":false},"excerpt":{"rendered":"<p>Pantalon en coton \u00e0 motif floral, coupe ample et confortable taille \u00e9lastique et lien \u00e0 nouer, deux poches lat\u00e9rales. D\u00e9tail : 100% coton<\/p>\n","protected":false},"featured_media":707213,"comment_status":"open","ping_status":"closed","template":"","meta":[],"product_brand":[],"product_cat":[1756,1758],"product_tag":[2244],"acf":[],"_links":{"self":[{"href":"https:\/\/streetmarkets.fr\/app\/wp-json\/wp\/v2\/product\/707212"}],"collection":[{"href":"https:\/\/streetmarkets.fr\/app\/wp-json\/wp\/v2\/product"}],"about":[{"href":"https:\/\/streetmarkets.fr\/app\/wp-json\/wp\/v2\/types\/product"}],"replies":[{"embeddable":true,"href":"https:\/\/streetmarkets.fr\/app\/wp-json\/wp\/v2\/comments?post=707212"}],"wp:featuredmedia":[{"embeddable":true,"href":"https:\/\/streetmarkets.fr\/app\/wp-json\/wp\/v2\/media\/707213"}],"wp:attachment":[{"href":"https:\/\/streetmarkets.fr\/app\/wp-json\/wp\/v2\/media?parent=707212"}],"wp:term":[{"taxonomy":"product_brand","embeddable":true,"href":"https:\/\/streetmarkets.fr\/app\/wp-json\/wp\/v2\/product_brand?post=707212"},{"taxonomy":"product_cat","embeddable":true,"href":"https:\/\/streetmarkets.fr\/app\/wp-json\/wp\/v2\/product_cat?post=707212"},{"taxonomy":"product_tag","embeddable":true,"href":"https:\/\/streetmarkets.fr\/app\/wp-json\/wp\/v2\/product_tag?post=707212"}],"curies":[{"name":"wp","href":"https:\/\/api.w.org\/{rel}","templated":true}]}}