{"id":707204,"date":"2024-10-15T16:40:16","date_gmt":"2024-10-15T14:40:16","guid":{"rendered":"https:\/\/streetmarkets.fr\/app\/produit\/pantalon-rex-washed-blue-xirena-40\/"},"modified":"2025-02-26T00:59:51","modified_gmt":"2025-02-25T23:59:51","slug":"pantalon-rex-washed-blue-xirena-40","status":"publish","type":"product","link":"https:\/\/streetmarkets.fr\/app\/produit\/pantalon-rex-washed-blue-xirena-40\/","title":{"rendered":"XIRENA Pantalon Rex Washed Blue -40%"},"content":{"rendered":"<p class=\"\">Pantalon coupe ample et confortable taille \u00e9lastique et lien \u00e0 nouer, deux poches lat\u00e9rales. \u00c9galement disponible dans d\u2019autres couleurs.<\/p>\n<p class=\"\">D\u00e9tail : 100% coton<\/p>\n","protected":false},"excerpt":{"rendered":"<p>Pantalon coupe ample et confortable taille \u00e9lastique et lien \u00e0 nouer, deux poches lat\u00e9rales. \u00c9galement disponible dans d\u2019autres couleurs. D\u00e9tail : 100% coton<\/p>\n","protected":false},"featured_media":707205,"comment_status":"open","ping_status":"closed","template":"","meta":[],"product_brand":[],"product_cat":[1756,1758],"product_tag":[2244],"acf":[],"_links":{"self":[{"href":"https:\/\/streetmarkets.fr\/app\/wp-json\/wp\/v2\/product\/707204"}],"collection":[{"href":"https:\/\/streetmarkets.fr\/app\/wp-json\/wp\/v2\/product"}],"about":[{"href":"https:\/\/streetmarkets.fr\/app\/wp-json\/wp\/v2\/types\/product"}],"replies":[{"embeddable":true,"href":"https:\/\/streetmarkets.fr\/app\/wp-json\/wp\/v2\/comments?post=707204"}],"wp:featuredmedia":[{"embeddable":true,"href":"https:\/\/streetmarkets.fr\/app\/wp-json\/wp\/v2\/media\/707205"}],"wp:attachment":[{"href":"https:\/\/streetmarkets.fr\/app\/wp-json\/wp\/v2\/media?parent=707204"}],"wp:term":[{"taxonomy":"product_brand","embeddable":true,"href":"https:\/\/streetmarkets.fr\/app\/wp-json\/wp\/v2\/product_brand?post=707204"},{"taxonomy":"product_cat","embeddable":true,"href":"https:\/\/streetmarkets.fr\/app\/wp-json\/wp\/v2\/product_cat?post=707204"},{"taxonomy":"product_tag","embeddable":true,"href":"https:\/\/streetmarkets.fr\/app\/wp-json\/wp\/v2\/product_tag?post=707204"}],"curies":[{"name":"wp","href":"https:\/\/api.w.org\/{rel}","templated":true}]}}