{"id":707199,"date":"2024-10-15T16:40:16","date_gmt":"2024-10-15T14:40:16","guid":{"rendered":"https:\/\/streetmarkets.fr\/app\/produit\/robe-lilith-pink-terra-xirena-40\/"},"modified":"2025-02-26T00:59:51","modified_gmt":"2025-02-25T23:59:51","slug":"robe-lilith-pink-terra-xirena-40","status":"publish","type":"product","link":"https:\/\/streetmarkets.fr\/app\/produit\/robe-lilith-pink-terra-xirena-40\/","title":{"rendered":"XIRENA Robe Lilith Pink Terra -40%"},"content":{"rendered":"<p class=\"\">Robe courte en coton et soie, douce et fluide, coupe ample, manches longues et poignets resserr\u00e9s. Emmanchure large, d\u00e9collet\u00e9 boutonn\u00e9 sur le devant. <\/p>\n<p class=\"\">D\u00e9tail : 70%, 30% soie <\/p>\n","protected":false},"excerpt":{"rendered":"<p>Robe courte en coton et soie, douce et fluide, coupe ample, manches longues et poignets resserr\u00e9s. Emmanchure large, d\u00e9collet\u00e9 boutonn\u00e9 sur le devant. D\u00e9tail : 70%, 30% soie<\/p>\n","protected":false},"featured_media":707200,"comment_status":"open","ping_status":"closed","template":"","meta":[],"product_brand":[],"product_cat":[1756,1758],"product_tag":[2244],"acf":[],"_links":{"self":[{"href":"https:\/\/streetmarkets.fr\/app\/wp-json\/wp\/v2\/product\/707199"}],"collection":[{"href":"https:\/\/streetmarkets.fr\/app\/wp-json\/wp\/v2\/product"}],"about":[{"href":"https:\/\/streetmarkets.fr\/app\/wp-json\/wp\/v2\/types\/product"}],"replies":[{"embeddable":true,"href":"https:\/\/streetmarkets.fr\/app\/wp-json\/wp\/v2\/comments?post=707199"}],"wp:featuredmedia":[{"embeddable":true,"href":"https:\/\/streetmarkets.fr\/app\/wp-json\/wp\/v2\/media\/707200"}],"wp:attachment":[{"href":"https:\/\/streetmarkets.fr\/app\/wp-json\/wp\/v2\/media?parent=707199"}],"wp:term":[{"taxonomy":"product_brand","embeddable":true,"href":"https:\/\/streetmarkets.fr\/app\/wp-json\/wp\/v2\/product_brand?post=707199"},{"taxonomy":"product_cat","embeddable":true,"href":"https:\/\/streetmarkets.fr\/app\/wp-json\/wp\/v2\/product_cat?post=707199"},{"taxonomy":"product_tag","embeddable":true,"href":"https:\/\/streetmarkets.fr\/app\/wp-json\/wp\/v2\/product_tag?post=707199"}],"curies":[{"name":"wp","href":"https:\/\/api.w.org\/{rel}","templated":true}]}}