{"id":707173,"date":"2024-10-15T16:40:13","date_gmt":"2024-10-15T14:40:13","guid":{"rendered":"https:\/\/streetmarkets.fr\/app\/produit\/robe-cigar-long-orange-laurence-bras-50\/"},"modified":"2025-09-17T02:02:12","modified_gmt":"2025-09-17T00:02:12","slug":"robe-cigar-long-orange-laurence-bras-50","status":"publish","type":"product","link":"https:\/\/streetmarkets.fr\/app\/produit\/robe-cigar-long-orange-laurence-bras-50\/","title":{"rendered":"LAURENCE BRAS Robe Cigar Long Orange -50%"},"content":{"rendered":"<p class=\"\">Robe longue en coton \u00e0 motif floral, coupe ample et droite, manches longues et poignets resserr\u00e9s boutonn\u00e9s. Encolure arrondie, boutonn\u00e9e sur toute la hauteur devant. Fraiche et l\u00e9g\u00e8re. Peut aussi se porter en kimono, ouverte sur un jean avec un marcel blanc ou noir. \u00c9galement disponible dans la couleur Pink. <\/p>\n<p class=\"\">D\u00e9tail : 100% coton<\/p>\n","protected":false},"excerpt":{"rendered":"<p>Robe longue en coton \u00e0 motif floral, coupe ample et droite, manches longues et poignets resserr\u00e9s boutonn\u00e9s. Encolure arrondie, boutonn\u00e9e sur toute la hauteur devant. Fraiche et l\u00e9g\u00e8re. Peut aussi se porter en kimono, ouverte sur un jean avec un marcel blanc ou noir. \u00c9galement disponible dans la couleur Pink. D\u00e9tail : 100% coton<\/p>\n","protected":false},"featured_media":707174,"comment_status":"open","ping_status":"closed","template":"","meta":[],"product_brand":[],"product_cat":[1756,1758],"product_tag":[2244],"acf":[],"_links":{"self":[{"href":"https:\/\/streetmarkets.fr\/app\/wp-json\/wp\/v2\/product\/707173"}],"collection":[{"href":"https:\/\/streetmarkets.fr\/app\/wp-json\/wp\/v2\/product"}],"about":[{"href":"https:\/\/streetmarkets.fr\/app\/wp-json\/wp\/v2\/types\/product"}],"replies":[{"embeddable":true,"href":"https:\/\/streetmarkets.fr\/app\/wp-json\/wp\/v2\/comments?post=707173"}],"wp:featuredmedia":[{"embeddable":true,"href":"https:\/\/streetmarkets.fr\/app\/wp-json\/wp\/v2\/media\/707174"}],"wp:attachment":[{"href":"https:\/\/streetmarkets.fr\/app\/wp-json\/wp\/v2\/media?parent=707173"}],"wp:term":[{"taxonomy":"product_brand","embeddable":true,"href":"https:\/\/streetmarkets.fr\/app\/wp-json\/wp\/v2\/product_brand?post=707173"},{"taxonomy":"product_cat","embeddable":true,"href":"https:\/\/streetmarkets.fr\/app\/wp-json\/wp\/v2\/product_cat?post=707173"},{"taxonomy":"product_tag","embeddable":true,"href":"https:\/\/streetmarkets.fr\/app\/wp-json\/wp\/v2\/product_tag?post=707173"}],"curies":[{"name":"wp","href":"https:\/\/api.w.org\/{rel}","templated":true}]}}