{"id":707149,"date":"2024-10-15T16:40:11","date_gmt":"2024-10-15T14:40:11","guid":{"rendered":"https:\/\/streetmarkets.fr\/app\/produit\/blouse-chamelo-pink-laurence-bras-50\/"},"modified":"2026-04-29T02:01:25","modified_gmt":"2026-04-29T00:01:25","slug":"blouse-chamelo-pink-laurence-bras-50","status":"publish","type":"product","link":"https:\/\/streetmarkets.fr\/app\/produit\/blouse-chamelo-pink-laurence-bras-50\/","title":{"rendered":"LAURENCE BRAS Blouse Chamelo Pink -50%"},"content":{"rendered":"<p class=\"\">Blouse en coton \u00e0 motif floral, coupe ample et droite, col claudine, manches longues bouffantes et poignets resserr\u00e9s, boutonn\u00e9e sur toute la hauteur avec volant. \u00c9galement disponible en blue. <\/p>\n<p class=\"\">D\u00e9tail : 100% coton<\/p>\n","protected":false},"excerpt":{"rendered":"<p>Blouse en coton \u00e0 motif floral, coupe ample et droite, col claudine, manches longues bouffantes et poignets resserr\u00e9s, boutonn\u00e9e sur toute la hauteur avec volant. \u00c9galement disponible en blue. D\u00e9tail : 100% coton<\/p>\n","protected":false},"featured_media":707150,"comment_status":"open","ping_status":"closed","template":"","meta":[],"product_brand":[],"product_cat":[1756,1758],"product_tag":[2244],"acf":[],"_links":{"self":[{"href":"https:\/\/streetmarkets.fr\/app\/wp-json\/wp\/v2\/product\/707149"}],"collection":[{"href":"https:\/\/streetmarkets.fr\/app\/wp-json\/wp\/v2\/product"}],"about":[{"href":"https:\/\/streetmarkets.fr\/app\/wp-json\/wp\/v2\/types\/product"}],"replies":[{"embeddable":true,"href":"https:\/\/streetmarkets.fr\/app\/wp-json\/wp\/v2\/comments?post=707149"}],"wp:featuredmedia":[{"embeddable":true,"href":"https:\/\/streetmarkets.fr\/app\/wp-json\/wp\/v2\/media\/707150"}],"wp:attachment":[{"href":"https:\/\/streetmarkets.fr\/app\/wp-json\/wp\/v2\/media?parent=707149"}],"wp:term":[{"taxonomy":"product_brand","embeddable":true,"href":"https:\/\/streetmarkets.fr\/app\/wp-json\/wp\/v2\/product_brand?post=707149"},{"taxonomy":"product_cat","embeddable":true,"href":"https:\/\/streetmarkets.fr\/app\/wp-json\/wp\/v2\/product_cat?post=707149"},{"taxonomy":"product_tag","embeddable":true,"href":"https:\/\/streetmarkets.fr\/app\/wp-json\/wp\/v2\/product_tag?post=707149"}],"curies":[{"name":"wp","href":"https:\/\/api.w.org\/{rel}","templated":true}]}}