{"id":707099,"date":"2024-10-15T16:40:06","date_gmt":"2024-10-15T14:40:06","guid":{"rendered":"https:\/\/streetmarkets.fr\/app\/produit\/blouse-patrizia-jc-aqua-bellepiece-50\/"},"modified":"2026-05-02T02:01:32","modified_gmt":"2026-05-02T00:01:32","slug":"blouse-patrizia-jc-aqua-bellepiece-50","status":"publish","type":"product","link":"https:\/\/streetmarkets.fr\/app\/produit\/blouse-patrizia-jc-aqua-bellepiece-50\/","title":{"rendered":"BELLEPIECE Blouse Patrizia JC Aqua -40%"},"content":{"rendered":"<p class=\"\">Blouse en coton coupe ample, manches courtes \u00e9vas\u00e9es, encolure arrondie boutonn\u00e9e, coton pliss\u00e9 devant et sur la ligne d\u2019\u00e9paule. \u00c9galement disponible dans la couleur Cloud.<\/p>\n<p class=\"\">D\u00e9tail : 55% coton, 45% viscose<\/p>\n","protected":false},"excerpt":{"rendered":"<p>Blouse en coton coupe ample, manches courtes \u00e9vas\u00e9es, encolure arrondie boutonn\u00e9e, coton pliss\u00e9 devant et sur la ligne d\u2019\u00e9paule. \u00c9galement disponible dans la couleur Cloud. D\u00e9tail : 55% coton, 45% viscose<\/p>\n","protected":false},"featured_media":707100,"comment_status":"open","ping_status":"closed","template":"","meta":[],"product_brand":[],"product_cat":[1756,1758],"product_tag":[2244],"acf":[],"_links":{"self":[{"href":"https:\/\/streetmarkets.fr\/app\/wp-json\/wp\/v2\/product\/707099"}],"collection":[{"href":"https:\/\/streetmarkets.fr\/app\/wp-json\/wp\/v2\/product"}],"about":[{"href":"https:\/\/streetmarkets.fr\/app\/wp-json\/wp\/v2\/types\/product"}],"replies":[{"embeddable":true,"href":"https:\/\/streetmarkets.fr\/app\/wp-json\/wp\/v2\/comments?post=707099"}],"wp:featuredmedia":[{"embeddable":true,"href":"https:\/\/streetmarkets.fr\/app\/wp-json\/wp\/v2\/media\/707100"}],"wp:attachment":[{"href":"https:\/\/streetmarkets.fr\/app\/wp-json\/wp\/v2\/media?parent=707099"}],"wp:term":[{"taxonomy":"product_brand","embeddable":true,"href":"https:\/\/streetmarkets.fr\/app\/wp-json\/wp\/v2\/product_brand?post=707099"},{"taxonomy":"product_cat","embeddable":true,"href":"https:\/\/streetmarkets.fr\/app\/wp-json\/wp\/v2\/product_cat?post=707099"},{"taxonomy":"product_tag","embeddable":true,"href":"https:\/\/streetmarkets.fr\/app\/wp-json\/wp\/v2\/product_tag?post=707099"}],"curies":[{"name":"wp","href":"https:\/\/api.w.org\/{rel}","templated":true}]}}