{"id":707084,"date":"2024-10-15T16:40:05","date_gmt":"2024-10-15T14:40:05","guid":{"rendered":"https:\/\/streetmarkets.fr\/app\/produit\/blouse-naples-jc-cloud-bellepiece-50\/"},"modified":"2024-12-30T00:59:35","modified_gmt":"2024-12-29T23:59:35","slug":"blouse-naples-jc-cloud-bellepiece-50","status":"publish","type":"product","link":"https:\/\/streetmarkets.fr\/app\/produit\/blouse-naples-jc-cloud-bellepiece-50\/","title":{"rendered":"BELLEPIECE Blouse Naples JC Cloud -50%"},"content":{"rendered":"<p class=\"\">Blouse en coton coupe ample, manches longues, poignets resserr\u00e9s, emmanchure large, encolure arrondie, boutonn\u00e9e sur toute la hauteur devant. \u00c9galement disponible dans la couleur Aqua. <\/p>\n<p class=\"\">D\u00e9tail : 55% coton, 45% viscose<\/p>\n","protected":false},"excerpt":{"rendered":"<p>Blouse en coton coupe ample, manches longues, poignets resserr\u00e9s, emmanchure large, encolure arrondie, boutonn\u00e9e sur toute la hauteur devant. \u00c9galement disponible dans la couleur Aqua. D\u00e9tail : 55% coton, 45% viscose<\/p>\n","protected":false},"featured_media":707085,"comment_status":"open","ping_status":"closed","template":"","meta":[],"product_brand":[],"product_cat":[1756,1758],"product_tag":[2244],"acf":[],"_links":{"self":[{"href":"https:\/\/streetmarkets.fr\/app\/wp-json\/wp\/v2\/product\/707084"}],"collection":[{"href":"https:\/\/streetmarkets.fr\/app\/wp-json\/wp\/v2\/product"}],"about":[{"href":"https:\/\/streetmarkets.fr\/app\/wp-json\/wp\/v2\/types\/product"}],"replies":[{"embeddable":true,"href":"https:\/\/streetmarkets.fr\/app\/wp-json\/wp\/v2\/comments?post=707084"}],"wp:featuredmedia":[{"embeddable":true,"href":"https:\/\/streetmarkets.fr\/app\/wp-json\/wp\/v2\/media\/707085"}],"wp:attachment":[{"href":"https:\/\/streetmarkets.fr\/app\/wp-json\/wp\/v2\/media?parent=707084"}],"wp:term":[{"taxonomy":"product_brand","embeddable":true,"href":"https:\/\/streetmarkets.fr\/app\/wp-json\/wp\/v2\/product_brand?post=707084"},{"taxonomy":"product_cat","embeddable":true,"href":"https:\/\/streetmarkets.fr\/app\/wp-json\/wp\/v2\/product_cat?post=707084"},{"taxonomy":"product_tag","embeddable":true,"href":"https:\/\/streetmarkets.fr\/app\/wp-json\/wp\/v2\/product_tag?post=707084"}],"curies":[{"name":"wp","href":"https:\/\/api.w.org\/{rel}","templated":true}]}}