{"id":707060,"date":"2024-10-15T16:40:03","date_gmt":"2024-10-15T14:40:03","guid":{"rendered":"https:\/\/streetmarkets.fr\/app\/produit\/blouse-jeff-st-purple-stripe-bellepiece-60\/"},"modified":"2026-05-02T02:01:32","modified_gmt":"2026-05-02T00:01:32","slug":"blouse-jeff-st-purple-stripe-bellepiece-60","status":"publish","type":"product","link":"https:\/\/streetmarkets.fr\/app\/produit\/blouse-jeff-st-purple-stripe-bellepiece-60\/","title":{"rendered":"Blouse Jeff ST Purple Stripe BELLEPIECE -60%"},"content":{"rendered":"<p class=\"\">Blouse en coton coupe ample, manches 3\/4, emmanchure large, encolure arrondie, boutonn\u00e9e sur toute la hauteur devant, coton l\u00e9g\u00e8rement pliss\u00e9 au col et aux poignets. <\/p>\n<p class=\"\">D\u00e9tail : 100% coton<\/p>\n","protected":false},"excerpt":{"rendered":"<p>Blouse en coton coupe ample, manches 3\/4, emmanchure large, encolure arrondie, boutonn\u00e9e sur toute la hauteur devant, coton l\u00e9g\u00e8rement pliss\u00e9 au col et aux poignets. D\u00e9tail : 100% coton<\/p>\n","protected":false},"featured_media":707061,"comment_status":"open","ping_status":"closed","template":"","meta":[],"product_brand":[],"product_cat":[1756,1758],"product_tag":[2244],"acf":[],"_links":{"self":[{"href":"https:\/\/streetmarkets.fr\/app\/wp-json\/wp\/v2\/product\/707060"}],"collection":[{"href":"https:\/\/streetmarkets.fr\/app\/wp-json\/wp\/v2\/product"}],"about":[{"href":"https:\/\/streetmarkets.fr\/app\/wp-json\/wp\/v2\/types\/product"}],"replies":[{"embeddable":true,"href":"https:\/\/streetmarkets.fr\/app\/wp-json\/wp\/v2\/comments?post=707060"}],"wp:featuredmedia":[{"embeddable":true,"href":"https:\/\/streetmarkets.fr\/app\/wp-json\/wp\/v2\/media\/707061"}],"wp:attachment":[{"href":"https:\/\/streetmarkets.fr\/app\/wp-json\/wp\/v2\/media?parent=707060"}],"wp:term":[{"taxonomy":"product_brand","embeddable":true,"href":"https:\/\/streetmarkets.fr\/app\/wp-json\/wp\/v2\/product_brand?post=707060"},{"taxonomy":"product_cat","embeddable":true,"href":"https:\/\/streetmarkets.fr\/app\/wp-json\/wp\/v2\/product_cat?post=707060"},{"taxonomy":"product_tag","embeddable":true,"href":"https:\/\/streetmarkets.fr\/app\/wp-json\/wp\/v2\/product_tag?post=707060"}],"curies":[{"name":"wp","href":"https:\/\/api.w.org\/{rel}","templated":true}]}}